{"id":173501,"date":"2022-12-03T09:15:20","date_gmt":"2022-12-03T09:15:20","guid":{"rendered":"https:\/\/www.dastheaterhotel.at\/?page_id=173501"},"modified":"2022-12-03T09:15:20","modified_gmt":"2022-12-03T09:15:20","slug":"team-2022","status":"publish","type":"page","link":"https:\/\/www.dastheaterhotel.at\/event\/team\/team-2022\/","title":{"rendered":"Team 2022"},"content":{"rendered":"<div class=\"wpb-content-wrapper\"><p>[vc_row][vc_column][vc_single_image image=&#8220;173495&#8243; img_size=&#8220;full&#8220;][vc_column_text]<span style=\"font-size: small\"><b>v.l.n.r. Adam Wagner, Helmut Kuchernig, Paul Harms, Bojan Nikolic, Moritz Keck, <\/b><span class=\"ILfuVd NA6bn\" lang=\"en\"><span class=\"hgKElc\">\u00a9<\/span><\/span> Ludwig Schedl<\/span><\/p>\n<p><span lang=\"en-US\">Adam, Paul, Samira, Martin, Bojan, Moritz, <\/span><span lang=\"en-US\">Hanna, Jonny, Elias, Nikolaus, Ole, Nikolas, Julian, Duncan, Leonie-Alicia, Marion, Timon, Patrick, Tim, Barbara, Kathrin <\/span>haben am 15.05.2022 ein gro\u00dfes St\u00fcck Theaterhotelgeschichte geschrieben. Das j\u00fcngste dTH-Team aller Zeiten hat im Mai 2022 im Hotel SAVOYEN-Vienna (<span style=\"color: #0563c1\"><u><a href=\"https:\/\/www.austria-trend.at\/de\/hotels\/savoyen\">https:\/\/www.austria-trend.at\/de\/hotels\/savoyen<\/a><\/u><\/span>) die gro\u00dfe Matinee in Erinnerung an Otto Tausigs 100. Geburtstag verantwortet.<\/p>\n<p>Liebes dTH-Matinee-Team: Der Spendenreingewinn dieser Veranstaltung bel\u00e4uft sich auf 18.148,00 EUR.<br \/>\nEuer organisatorisches und gastronomisches Geschick, Eure Herzlichkeit als Gastgeber:Innen der Matinee bleiben unvergesslich. Und wer immer den 15.05.2022 vers\u00e4umt hat, den laden wir ein, noch vor Weihnachten das Theaterhotel 2023 unter <span style=\"color: #0563c1\"><u><a href=\"https:\/\/www.dastheaterhotel.at\/event\/theaterhotel\/tickets-reservieren\/\">https:\/\/www.dastheaterhotel.at\/event\/theaterhotel\/tickets-reservieren\/<\/a><\/u><\/span> zu reservieren.[\/vc_column_text][\/vc_column][\/vc_row][vc_row margin_top=&#8220;40px&#8220;][vc_column][vc_column_text]<\/p>\n<h3>Mitarbeiter Matinee<\/h3>\n<p>Hanna SCHL\u00d6GL, Jonny ZHANG, <span lang=\"en-US\">Elias GARY, <\/span>Nikolaus WOLF, Nicolas SCHEBELLA, Oleh DUDAREV<\/p>\n<p>Samira AKDEMIR (DirectorIN), <span lang=\"en-US\">Julian HALLAS, <\/span>Moritz WIEDEMANN (Executive-Chef), <span lang=\"en-US\">Bojan NIKOLIC (F&amp;B Directo<\/span>r), Duncan MOSER (Sales &#8211; Director)<\/p>\n<p><span lang=\"en-US\">Leonie-Alicia-KAJIC, <\/span><span lang=\"en-US\">Marion LENK, <\/span><span lang=\"en-US\">Timon DEUTNER, <\/span><span lang=\"en-US\">Adam WAGNER (<\/span><span lang=\"en-US\">Director), <\/span><span lang=\"en-US\">Moritz KECK (<\/span><span lang=\"en-US\">Sales-Director), <\/span><span lang=\"en-US\">Paul HARMS (<\/span><span lang=\"en-US\">HR-Director), <\/span><\/p>\n<p><span lang=\"en-US\">Hanna ROSPINI, <\/span>Patrick BEDLAN, <span lang=\"en-US\">Tim AIGNER (<\/span><span lang=\"en-US\">Sales-Director), <\/span>Martin AXNIX (Bankett-Director), Kathrin SCHWARZ, <span lang=\"en-US\">Barbara Einlass (<\/span><span lang=\"en-US\">Superpraktikantin)<\/span>[\/vc_column_text][\/vc_column][\/vc_row]<\/p>\n<\/div>","protected":false},"excerpt":{"rendered":"<p>[vc_row][vc_column][vc_single_image image=&#8220;173495&#8243; img_size=&#8220;full&#8220;][vc_column_text]v.l.n.r. Adam Wagner, Helmut Kuchernig, Paul Harms, Bojan Nikolic, Moritz Keck, \u00a9 Ludwig Schedl Adam, Paul, Samira, Martin, Bojan, Moritz, Hanna, Jonny, Elias, Nikolaus, Ole, Nikolas, Julian, Duncan, Leonie-Alicia, Marion, Timon, Patrick, Tim, Barbara, Kathrin haben am 15.05.2022 ein gro\u00dfes St\u00fcck Theaterhotelgeschichte geschrieben. Das j\u00fcngste dTH-Team aller Zeiten hat im Mai 2022 im&hellip;<\/p>\n","protected":false},"author":57,"featured_media":0,"parent":53375,"menu_order":0,"comment_status":"closed","ping_status":"closed","template":"","meta":{"footnotes":""},"class_list":["post-173501","page","type-page","status-publish","hentry","description-off"],"_links":{"self":[{"href":"https:\/\/www.dastheaterhotel.at\/event\/wp-json\/wp\/v2\/pages\/173501","targetHints":{"allow":["GET"]}}],"collection":[{"href":"https:\/\/www.dastheaterhotel.at\/event\/wp-json\/wp\/v2\/pages"}],"about":[{"href":"https:\/\/www.dastheaterhotel.at\/event\/wp-json\/wp\/v2\/types\/page"}],"author":[{"embeddable":true,"href":"https:\/\/www.dastheaterhotel.at\/event\/wp-json\/wp\/v2\/users\/57"}],"replies":[{"embeddable":true,"href":"https:\/\/www.dastheaterhotel.at\/event\/wp-json\/wp\/v2\/comments?post=173501"}],"version-history":[{"count":0,"href":"https:\/\/www.dastheaterhotel.at\/event\/wp-json\/wp\/v2\/pages\/173501\/revisions"}],"up":[{"embeddable":true,"href":"https:\/\/www.dastheaterhotel.at\/event\/wp-json\/wp\/v2\/pages\/53375"}],"wp:attachment":[{"href":"https:\/\/www.dastheaterhotel.at\/event\/wp-json\/wp\/v2\/media?parent=173501"}],"curies":[{"name":"wp","href":"https:\/\/api.w.org\/{rel}","templated":true}]}}