{"id":173769,"date":"2023-10-10T16:14:46","date_gmt":"2023-10-10T16:14:46","guid":{"rendered":"https:\/\/www.dastheaterhotel.at\/?page_id=173769"},"modified":"2026-01-22T14:28:56","modified_gmt":"2026-01-22T13:28:56","slug":"programm-2026","status":"publish","type":"page","link":"https:\/\/www.dastheaterhotel.at\/event\/programm-2026\/","title":{"rendered":"Charity Dinner &#038; B\u00fchne"},"content":{"rendered":"<div class=\"wpb-content-wrapper\"><p>[vc_row][vc_column][vc_cta h2=&#8220;Folgen Sie uns auf Instagram und bleiben Sie immer auf dem neuesten Stand.&#8220; h4=&#8220;Erhalten Sie exklusive Einblicke, aktuelle Informationen und spannende Inhalte aus erster Hand. Verpassen Sie keine Neuigkeiten mehr und werden Sie Teil unserer Community. Jetzt folgen und informiert bleiben.&#8220; css=&#8220;&#8220;][\/vc_cta][vc_single_image image=&#8220;174901&#8243; img_size=&#8220;medium&#8220; alignment=&#8220;center&#8220; css=&#8220;&#8220;][\/vc_column][vc_column css=&#8220;.vc_custom_1730976621396{margin-top: 50px !important;}&#8220;]<div id=\"ultimate-heading-794469ea3a6b84c14\" class=\"uvc-heading ult-adjust-bottom-margin ultimate-heading-794469ea3a6b84c14 uvc-6685 accent-border-color color-title\" data-hspacer=\"line_only\"  data-halign=\"center\" style=\"text-align:center\"><div class=\"uvc-main-heading ult-responsive\"  data-ultimate-target='.uvc-heading.ultimate-heading-794469ea3a6b84c14 h2'  data-responsive-json-new='{\"font-size\":\"desktop:30px;\",\"line-height\":\"desktop:40px;\"}' ><h2 style=\"font-weight:bold;margin-bottom:10px;\">Unterhaltung mit Haltung - GENUSS.DINNER.B\u00dcHNE<\/h2><\/div><div class=\"uvc-heading-spacer line_only\" style=\"margin-bottom:55px;height:3px;\"><span class=\"uvc-headings-line\" style=\"border-style:solid;border-bottom-width:3px;border-color:#ccc;width:100px;\"><\/span><\/div><\/div>[vc_column_text css=&#8220;&#8220;]<\/p>\n<p style=\"padding-left: 40px\">Am Freitag, den 20. Februar 2026 l\u00e4dt das Theaterhotel reloaded by MODUL zu einem besonderen Genuss-Dinner ein, das Kulinarik, B\u00fchnenkunst und Livemusik zu einem Abend vereint. Neben einem mehrg\u00e4ngigen Men\u00fc erwartet die G\u00e4ste ein abwechslungsreiches Programm mit musikalischen Beitr\u00e4gen und literarischen Elementen, die den Abend zu einem kulturellen Gesamterlebnis machen.<br \/>\n<!-- notionvc: e138d05f-2a40-409d-81fd-1ca3cd91e21e -->[\/vc_column_text][\/vc_column][\/vc_row][vc_row css=&#8220;.vc_custom_1730976540675{margin-top: 50px !important;}&#8220;][vc_column width=&#8220;1\/2&#8243; css=&#8220;.vc_custom_1730976954758{margin-top: 40px !important;}&#8220;][vc_single_image image=&#8220;174669&#8243; img_size=&#8220;500&#215;300&#8243; alignment=&#8220;center&#8220; css=&#8220;&#8220;][vc_column_text css=&#8220;&#8220;]<\/p>\n<p style=\"padding-left: 40px\">copyright: Sasha Ilushina photography<\/p>\n<p style=\"padding-left: 40px\"><a href=\"https:\/\/corneliusobonya.com\/\">https:\/\/corneliusobonya.com\/<\/a><\/p>\n<p>[\/vc_column_text]<div class=\"ult-spacer spacer-69ea3a6b84c49\" data-id=\"69ea3a6b84c49\" data-height=\"10\" data-height-mobile=\"10\" data-height-tab=\"10\" data-height-tab-portrait=\"\" data-height-mobile-landscape=\"\" style=\"clear:both;display:block;\"><\/div>[vc_column_text css=&#8220;&#8220;]<\/p>\n<h4>Platon und ein Schnabeltier gehen in eine Bar<\/h4>\n<ul>\n<li>Gattung: Philosophie &#8211; aber bitte mit Humor<\/li>\n<li>Autoren: Thomas Cathcart &amp; Daniel Klein<\/li>\n<li>Hauptfiguren: Platon &#8211; denkt zu viel, trinkt wenig; Schnabeltier &#8211; &nbsp;denkt wenig, trinkt vermutlich alles; Diverse Philosophen &#8211; Kant, Nietzsche, Descartes &amp; Co. in ungewohnter Kneipenatmosph\u00e4re<\/li>\n<li>Handlungsort: meistens eine Bar, manchmal der menschliche Geist, oft beides gleichzeitig<\/li>\n<li>Worum gehts? Witze und Philosophie treffen sich dort, wo man sie am wenigsten erwartet: im Gel\u00e4chter. Groteske Pointen bringen auf den Punkt, wor\u00fcber sich gro\u00dfe Denker seit Jahrhunderten den Kopf zerbrechen &#8211; &nbsp;und machen schwere Gedanken \u00fcberraschend leicht.<\/li>\n<li>Geeignet f\u00fcr: Menschen, die Philosophie spannend finden, aber keine 800 Seiten Kant lesen wollen<\/li>\n<li>! Kann dazu f\u00fchren, dass man freiwillig \u00fcber Philosophie spricht<\/li>\n<li>&#8222;Philosophie f\u00fcr Leute, die lieber lachen als leiden &#8211; &nbsp;ganz unplatonisch.&#8220;<\/li>\n<\/ul>\n<p>[\/vc_column_text]<div class=\"ult-spacer spacer-69ea3a6b84c59\" data-id=\"69ea3a6b84c59\" data-height=\"\" data-height-mobile=\"\" data-height-tab=\"\" data-height-tab-portrait=\"\" data-height-mobile-landscape=\"\" style=\"clear:both;display:block;\"><\/div>[\/vc_column][vc_column width=&#8220;1\/2&#8243;][vc_column_text css=&#8220;.vc_custom_1769003993687{margin-top: 40px !important;}&#8220;]<\/p>\n<h4>Platon und Schnabeltier gehen in eine Bar \u2013<\/h4>\n<h4>Ein Abend mit Cornelius Obonya<\/h4>\n<p data-start=\"292\" data-end=\"752\">Erleben Sie am 20. Februar 2026 einen besonderen Kulturabend im Rahmen eines Genuss-Dinners. Unter dem Titel \u201ePlaton und Schnabeltier gehen in eine Bar\u201c pr\u00e4sentiert Cornelius Obonya ein literarisch-philosophisches Programm, das bekannte Texte und Gedanken in einem neuen Kontext zeigt. Obonya z\u00e4hlt zu den profiliertesten Schauspielern im deutschsprachigen Raum und verbindet seine B\u00fchnenpr\u00e4senz mit pr\u00e4ziser Sprache und eindrucksvoller Interpretation.<\/p>\n<p data-start=\"754\" data-end=\"1164\">Musikalisch begleitet wird der Abend von Christoph Pauli am Klavier, Alexandra Aleksiuk am Cello und Andy Grabner an der Percussion. Die drei Musiker*innen schaffen gemeinsam einen atmosph\u00e4rischen Rahmen, der das Programm in vielf\u00e4ltigen Klangfarben erg\u00e4nzt. Das Zusammenspiel von Text und Musik macht diesen Abend zu einem besonderen Erlebnis, das Kulinarik und Kunst auf elegante Weise verbindet.<!-- notionvc: 5b3c9265-c0f5-4cb7-a85d-386cb33be059 --><\/p>\n<p>[\/vc_column_text][vc_row_inner][vc_column_inner][vc_single_image image=&#8220;174895&#8243; img_size=&#8220;700&#215;500&#8243; css=&#8220;&#8220;][vc_column_text css=&#8220;&#8220;]<\/p>\n<p style=\"text-align: left;\">@Canva<\/p>\n<p>https:\/\/www.canva.com\/design[\/vc_column_text][\/vc_column_inner][\/vc_row_inner][\/vc_column][\/vc_row][vc_row css=&#8220;.vc_custom_1730971123671{margin-top: 35px !important;}&#8220;][vc_column]<div class=\"ult-spacer spacer-69ea3a6b84c74\" data-id=\"69ea3a6b84c74\" data-height=\"30\" data-height-mobile=\"30\" data-height-tab=\"30\" data-height-tab-portrait=\"\" data-height-mobile-landscape=\"\" style=\"clear:both;display:block;\"><\/div>[vc_column_text]<\/p>\n<h5><\/h5>\n<h5><\/h5>\n<p>&nbsp;<\/p>\n<h5 style=\"text-align: center\"><strong>Sie k\u00f6nnen jetzt Ihre Tickets f\u00fcr eine oder auch beide Veranstaltungen online kaufen. Beeilen Sie sich, denn die Pl\u00e4tze sind begrenzt! <\/strong><\/h5>\n<h5 style=\"text-align: center\"><strong>Wir freuen uns auf Ihren Besuch!<\/strong><!-- notionvc: bad1a887-ff79-4b36-8c19-a2dcf4d195a3 --><\/h5>\n<p>[\/vc_column_text][vc_btn title=&#8220;Tickets sichern&#8220; style=&#8220;custom&#8220; custom_background=&#8220;#960707&#8243; custom_text=&#8220;#ffffff&#8220; align=&#8220;center&#8220; css=&#8220;.vc_custom_1764271077139{margin-bottom: 50px !important;}&#8220; link=&#8220;url:https%3A%2F%2Fwww.dastheaterhotel.at%2Fevent%2Ftickets%2F|title:Tickets&#8220;]<div class=\"ult-spacer spacer-69ea3a6b84c80\" data-id=\"69ea3a6b84c80\" data-height=\"40\" data-height-mobile=\"40\" data-height-tab=\"40\" data-height-tab-portrait=\"\" data-height-mobile-landscape=\"\" style=\"clear:both;display:block;\"><\/div><div id=\"ultimate-heading-150269ea3a6b84c9d\" class=\"uvc-heading ult-adjust-bottom-margin ultimate-heading-150269ea3a6b84c9d uvc-7721 accent-border-color color-title\" data-hspacer=\"line_only\"  data-halign=\"center\" style=\"text-align:center\"><div class=\"uvc-main-heading ult-responsive\"  data-ultimate-target='.uvc-heading.ultimate-heading-150269ea3a6b84c9d h2'  data-responsive-json-new='{\"font-size\":\"desktop:30px;\",\"line-height\":\"desktop:40px;\"}' ><h2 style=\"font-weight:bold;margin-bottom:10px;\">Genuss.Dinner.B\u00fchne 20.02.2026 - 18.00 Uhr<\/h2><\/div><div class=\"uvc-heading-spacer line_only\" style=\"margin-bottom:55px;height:3px;\"><span class=\"uvc-headings-line\" style=\"border-style:solid;border-bottom-width:3px;border-color:#ccc;width:100px;\"><\/span><\/div><\/div>[vc_column_text css=&#8220;&#8220;]<\/p>\n<p style=\"text-align: center\">Aperitif im Foyer des Austria Trend Hotel Savoyen ab 17.00 Uhr<\/p>\n<p style=\"text-align: center\">Saaleinlass 17.30 Uhr<\/p>\n<p style=\"text-align: center\">Beginn des Genussdinners 18.00 Uhr<\/p>\n<p style=\"text-align: center\">Cornelius Obonya &#8220; Platon und Schnabeltier gehen in eine Bar&#8220; UND<\/p>\n<p style=\"text-align: center\">Christoph Pauli, Alexandra Aleksiuk, Andy Grabner &#8211; Beginn 20.00 Uhr<\/p>\n<p style=\"text-align: center\">voraussichtliches Ende 22.00 Uhr<\/p>\n<p>[\/vc_column_text][vc_row_inner css=&#8220;.vc_custom_1730972082623{margin-top: 90px !important;}&#8220;][vc_column_inner]<div id=\"ultimate-heading-263669ea3a6b84ccc\" class=\"uvc-heading ult-adjust-bottom-margin ultimate-heading-263669ea3a6b84ccc uvc-2238 accent-border-color color-title\" data-hspacer=\"line_only\"  data-halign=\"center\" style=\"text-align:center\"><div class=\"uvc-main-heading ult-responsive\"  data-ultimate-target='.uvc-heading.ultimate-heading-263669ea3a6b84ccc h2'  data-responsive-json-new='{\"font-size\":\"desktop:30px;\",\"line-height\":\"desktop:40px;\"}' ><h2 style=\"font-weight:bold;margin-bottom:10px;\">Das Genuss DINNER Men\u00fc am 20.02.2026<\/h2><\/div><div class=\"uvc-heading-spacer line_only\" style=\"margin-bottom:55px;height:3px;\"><span class=\"uvc-headings-line\" style=\"border-style:solid;border-bottom-width:3px;border-color:#ccc;width:100px;\"><\/span><\/div><\/div>[vc_column_text css=&#8220;&#8220;]<\/p>\n<p style=\"text-align: center\"><b><span data-contrast=\"auto\">Topinambur &amp; Zitronen<\/span><\/b><span data-ccp-props=\"{&quot;335551550&quot;:2,&quot;335551620&quot;:2}\">\u00a0<\/span><\/p>\n<p style=\"text-align: center\"><span data-contrast=\"auto\">Geschmorter Topinambur \/ schwarze N\u00fcsse &amp; Sonnenblumenkerne \/ Salzzitrone aus Sch\u00f6nbrunn<\/span><span data-ccp-props=\"{&quot;335551550&quot;:2,&quot;335551620&quot;:2}\">\u00a0<\/span><\/p>\n<p style=\"text-align: center\"><span data-ccp-props=\"{&quot;335551550&quot;:2,&quot;335551620&quot;:2}\">\u00a0<\/span><\/p>\n<p style=\"text-align: center\"><b><span data-contrast=\"auto\">Pastinake &amp; Rosinen<\/span><\/b><span data-ccp-props=\"{&quot;335551550&quot;:2,&quot;335551620&quot;:2}\">\u00a0<\/span><\/p>\n<p style=\"text-align: center\"><span data-contrast=\"auto\">Getr\u00fcffelte Pastinaken Creme \/ Rosinen \/ Thymian \/ Pastinakenchips<\/span><span data-ccp-props=\"{&quot;335551550&quot;:2,&quot;335551620&quot;:2}\">\u00a0<\/span><\/p>\n<p style=\"text-align: center\"><span data-ccp-props=\"{&quot;335551550&quot;:2,&quot;335551620&quot;:2}\">\u00a0<\/span><\/p>\n<p style=\"text-align: center\"><b><span data-contrast=\"auto\">Rind &amp; Rotkraut<\/span><\/b><span data-ccp-props=\"{&quot;335551550&quot;:2,&quot;335551620&quot;:2}\">\u00a0<\/span><\/p>\n<p style=\"text-align: center\"><span data-contrast=\"auto\">Rinderschulter-Scherzl \/ Rotkrautp\u00fcree \/ roter Zwiebel \/ Kohlsprossen<\/span><span data-ccp-props=\"{&quot;335551550&quot;:2,&quot;335551620&quot;:2}\">\u00a0<\/span><\/p>\n<p style=\"text-align: center\"><span data-ccp-props=\"{&quot;335551550&quot;:2,&quot;335551620&quot;:2}\">\u00a0<\/span><\/p>\n<p style=\"text-align: center\"><span data-contrast=\"auto\">oder<\/span><span data-ccp-props=\"{&quot;335551550&quot;:2,&quot;335551620&quot;:2}\">\u00a0<\/span><\/p>\n<p style=\"text-align: center\"><span data-ccp-props=\"{&quot;335551550&quot;:2,&quot;335551620&quot;:2}\">\u00a0<\/span><\/p>\n<p style=\"text-align: center\"><b><span data-contrast=\"auto\">Pilze &amp; Kohlsprossen<\/span><\/b><span data-ccp-props=\"{&quot;335551550&quot;:2,&quot;335551620&quot;:2}\">\u00a0<\/span><\/p>\n<p style=\"text-align: center\"><span data-contrast=\"auto\">Semmelkn\u00f6del \/ Pilzrahm \/ Rotkrautp\u00fcree \/ Kohlsprossen<\/span><span data-ccp-props=\"{&quot;335551550&quot;:2,&quot;335551620&quot;:2}\">\u00a0<\/span><\/p>\n<p style=\"text-align: center\"><span data-ccp-props=\"{&quot;335551550&quot;:2,&quot;335551620&quot;:2}\">\u00a0<\/span><\/p>\n<p style=\"text-align: center\"><b><span data-contrast=\"auto\">Sesam &amp; Apfel<\/span><\/b><span data-ccp-props=\"{&quot;335551550&quot;:2,&quot;335551620&quot;:2}\">\u00a0<\/span><\/p>\n<p style=\"text-align: center\"><span data-contrast=\"auto\">Sesamparfait \/ Schokolade \/ Gala flambiert<\/span><\/p>\n<p>&nbsp;<\/p>\n<p style=\"text-align: center\">Hier finden Sie den Saalplan f\u00fcr diesen Abend:<\/p>\n<p><img loading=\"lazy\" decoding=\"async\" class=\" wp-image-174870 aligncenter\" src=\"https:\/\/www.dastheaterhotel.at\/event\/wp-content\/uploads\/sites\/2\/2025\/12\/dTH26_Saalplan_Genuss.Dinner2-300x153.png\" alt=\"\" width=\"781\" height=\"399\" srcset=\"https:\/\/www.dastheaterhotel.at\/event\/wp-content\/uploads\/sites\/2\/2025\/12\/dTH26_Saalplan_Genuss.Dinner2-300x153.png 300w, https:\/\/www.dastheaterhotel.at\/event\/wp-content\/uploads\/sites\/2\/2025\/12\/dTH26_Saalplan_Genuss.Dinner2-1024x523.png 1024w, https:\/\/www.dastheaterhotel.at\/event\/wp-content\/uploads\/sites\/2\/2025\/12\/dTH26_Saalplan_Genuss.Dinner2-768x392.png 768w, https:\/\/www.dastheaterhotel.at\/event\/wp-content\/uploads\/sites\/2\/2025\/12\/dTH26_Saalplan_Genuss.Dinner2.png 1199w\" sizes=\"auto, (max-width: 781px) 100vw, 781px\" \/>[\/vc_column_text][\/vc_column_inner][\/vc_row_inner][\/vc_column][\/vc_row][vc_row equal_height=&#8220;yes&#8220; content_placement=&#8220;top&#8220; bg_type=&#8220;bg_color&#8220; bg_override=&#8220;ex-full&#8220; type=&#8220;vc_default&#8220; css=&#8220;.vc_custom_1730972094377{margin-top: 70px !important;padding-top: 70px !important;padding-bottom: 40px !important;}&#8220; bg_color_value=&#8220;rgba(183,191,199,0.1)&#8220;][vc_column width=&#8220;2\/3&#8243; offset=&#8220;vc_col-lg-offset-0 vc_col-lg-6 vc_col-md-offset-0 vc_col-md-6 vc_col-sm-offset-2 vc_col-xs-12&#8243;]<div class=\"ult-spacer spacer-69ea3a6b84ce8\" data-id=\"69ea3a6b84ce8\" data-height=\"10\" data-height-mobile=\"10\" data-height-tab=\"10\" data-height-tab-portrait=\"\" data-height-mobile-landscape=\"\" style=\"clear:both;display:block;\"><\/div><div id='wrap_map_69ea3a6b84cfc' class='ultimate-map-wrapper ult-adjust-bottom-margin ' style=' height:300px;'><div id='map_69ea3a6b84cfc' data-map_override='0' class='ultimate_google_map wpb_content_element 0' style='width:100%;height:300px;'><\/div><\/div><script type='text\/javascript'>\n\t\t\t(function($) {\n  \t\t\t'use strict';\n\t\t\tvar map_map_69ea3a6b84cfc = null;\n\t\t\tvar coordinate_map_69ea3a6b84cfc;\n\t\t\tvar isDraggable = $(document).width() > 641 ? 'true' : 'true';\n\t\t\ttry\n\t\t\t{\n\t\t\t\tvar map_map_69ea3a6b84cfc = null;\n\t\t\t\tvar coordinate_map_69ea3a6b84cfc;\n\t\t\t\tcoordinate_map_69ea3a6b84cfc = new google.maps.LatLng(48.19504, 16.38448);\n\t\t\t\tvar mapOptions=\n\t\t\t\t{\n\t\t\t\t\tzoom: 12,\n\t\t\t\t\tcenter: coordinate_map_69ea3a6b84cfc,\n\t\t\t\t\tscaleControl: true,\n\t\t\t\t\tstreetViewControl: false,\n\t\t\t\t\tmapTypeControl: false,\n\t\t\t\t\tpanControl: false,\n\t\t\t\t\tzoomControl: false,\n\t\t\t\t\tscrollwheel: true,\n\t\t\t\t\tdraggable: isDraggable,\n\t\t\t\t\tzoomControlOptions: {\n\t\t\t\t\t\tposition: google.maps.ControlPosition.right_bottom\n\t\t\t\t\t},mapTypeId: google.maps.MapTypeId.roadmap,};var map_map_69ea3a6b84cfc = new google.maps.Map(document.getElementById('map_69ea3a6b84cfc'),mapOptions);\n\t\t\t\t\t\tvar x = 'infowindow_open_value';\n\t\t\t\t\t\tvar marker_map_69ea3a6b84cfc = new google.maps.Marker({\n\t\t\t\t\t\tposition: new google.maps.LatLng('48.19504', '16.38448'),\n\t\t\t\t\t\tanimation:  google.maps.Animation.DROP,\n\t\t\t\t\t\tmap: map_map_69ea3a6b84cfc,\n\t\t\t\t\t\ticon: ''\n\t\t\t\t\t});\tgoogle.maps.event.addListener(marker_map_69ea3a6b84cfc, 'click', toggleBounce);var infowindow = new google.maps.InfoWindow();\n\t\t\t\t\t\t\tinfowindow.setContent('<div class=\"map_info_text\" style=\\'color:#000;\\'>Austria Trend Hotel Savoyen<br \/> Rennweg 16, 1030 Wien<\/div>');google.maps.event.addListener(marker_map_69ea3a6b84cfc, 'click', function() {\n\t\t\t\t\t\t\t\tinfowindow.open(map_map_69ea3a6b84cfc,marker_map_69ea3a6b84cfc);\n\t\t\t\t\t\t  \t});}\n\t\t\tcatch(e){};\n\t\t\tjQuery(document).ready(function($){\n\t\t\t\tgoogle.maps.event.trigger(map_map_69ea3a6b84cfc, 'resize');\n\t\t\t\t$(window).on('resize', function(){\n\t\t\t\t\tgoogle.maps.event.trigger(map_map_69ea3a6b84cfc, 'resize');\n\t\t\t\t\tif(map_map_69ea3a6b84cfc!=null)\n\t\t\t\t\t\tmap_map_69ea3a6b84cfc.setCenter(coordinate_map_69ea3a6b84cfc);\n\t\t\t\t});\n\t\t\t\t$('.ui-tabs').on('tabsactivate', function(event, ui) {\n\t\t\t\t   if($(this).find('.ultimate-map-wrapper').length > 0)\n\t\t\t\t\t{\n\t\t\t\t\t\tsetTimeout(function(){\n\t\t\t\t\t\t\t$(window).trigger('resize');\n\t\t\t\t\t\t},200);\n\t\t\t\t\t}\n\t\t\t\t});\n\t\t\t\t$('.ui-accordion').on('accordionactivate', function(event, ui) {\n\t\t\t\t   if($(this).find('.ultimate-map-wrapper').length > 0)\n\t\t\t\t\t{\n\t\t\t\t\t\tsetTimeout(function(){\n\t\t\t\t\t\t\t$(window).trigger('resize');\n\t\t\t\t\t\t},200);\n\t\t\t\t\t}\n\t\t\t\t});\n\t\t\t\t$(window).on('load',function(){\n\t\t\t\t\tsetTimeout(function(){\n\t\t\t\t\t\t$(window).trigger('resize');\n\t\t\t\t\t},200);\n\t\t\t\t});\n\t\t\t\t$('.ult_exp_section').on('select', function(){\n\t\t\t\t\tif($(map_map_69ea3a6b84cfc).parents('.ult_exp_section'))\n\t\t\t\t\t{\n\t\t\t\t\t\tsetTimeout(function(){\n\t\t\t\t\t\t\t$(window).trigger('resize');\n\t\t\t\t\t\t},200);\n\t\t\t\t\t}\n\t\t\t\t});\n\t\t\t\t$(document).on('onUVCModalPopupOpen', function(){\n\t\t\t\t\tif($(map_map_69ea3a6b84cfc).parents('.ult_modal-content'))\n\t\t\t\t\t{\n\t\t\t\t\t\tsetTimeout(function(){\n\t\t\t\t\t\t\t$(window).trigger('resize');\n\t\t\t\t\t\t},200);\n\t\t\t\t\t}\n\t\t\t\t});\n\t\t\t\t$(document).on('click','.ult_tab_li',function(){\n\t\t\t\t\t$(window).trigger('resize');\n\t\t\t\t\tsetTimeout(function(){\n\t\t\t\t\t\t$(window).trigger('resize');\n\t\t\t\t\t},200);\n\t\t\t\t});\n\t\t\t});\n\t\t\tfunction toggleBounce() {\n\t\t\t  if (marker_map_69ea3a6b84cfc.getAnimation() != null) {\n\t\t\t\tmarker_map_69ea3a6b84cfc.setAnimation(null);\n\t\t\t  } else {\n\t\t\t\tmarker_map_69ea3a6b84cfc.setAnimation(google.maps.Animation.BOUNCE);\n\t\t\t  }\n\t\t\t}\n\t\t\t})(jQuery);\n\t\t\t<\/script>[\/vc_column][vc_column width=&#8220;2\/3&#8243; offset=&#8220;vc_col-lg-offset-0 vc_col-lg-6 vc_col-md-offset-0 vc_col-md-6 vc_col-sm-offset-2 vc_col-xs-12&#8243; css=&#8220;.vc_custom_1476220031159{padding-bottom: 15px !important;}&#8220;]<div id=\"ultimate-heading-451769ea3a6b84d45\" class=\"uvc-heading ult-adjust-bottom-margin ultimate-heading-451769ea3a6b84d45 uvc-5594 \" data-hspacer=\"no_spacer\"  data-halign=\"left\" style=\"text-align:left\"><div class=\"uvc-heading-spacer no_spacer\" style=\"top\"><\/div><div class=\"uvc-main-heading ult-responsive\"  data-ultimate-target='.uvc-heading.ultimate-heading-451769ea3a6b84d45 h2'  data-responsive-json-new='{\"font-size\":\"desktop:18px;\",\"line-height\":\"desktop:28px;\"}' ><h2 style=\"font-weight:bold;margin-bottom:20px;\">Austria Trend Hotel Savoyen<\/h2><\/div><\/div>[vc_column_text css=&#8220;.vc_custom_1763911327145{padding-bottom: 20px !important;}&#8220;]<\/p>\n<p data-start=\"56\" data-end=\"81\"><strong data-start=\"60\" data-end=\"81\">Adresse &amp; Anreise<\/strong><\/p>\n<p data-start=\"83\" data-end=\"131\"><strong data-start=\"83\" data-end=\"95\">Adresse:<\/strong><br data-start=\"95\" data-end=\"98\" \/>Rennweg 16, 1030 Wien, \u00d6sterreich<\/p>\n<p data-start=\"133\" data-end=\"334\"><strong data-start=\"133\" data-end=\"152\">Erreichbarkeit:<\/strong><br data-start=\"152\" data-end=\"155\" \/>Das Austria Trend Hotel Savoyen liegt nur 5 Minuten Fu\u00dfweg vom Bahnhof Rennweg entfernt.<\/p>\n<p data-start=\"336\" data-end=\"369\"><strong data-start=\"336\" data-end=\"367\">\u00d6ffentliche Verkehrsmittel:<\/strong><\/p>\n<ul data-start=\"370\" data-end=\"519\">\n<li data-start=\"370\" data-end=\"415\">\n<p data-start=\"372\" data-end=\"415\"><strong data-start=\"372\" data-end=\"393\">Bahnen &amp; S-Bahnen<\/strong> \u2013 Station <em data-start=\"404\" data-end=\"413\">Rennweg<\/em><\/p>\n<\/li>\n<li data-start=\"416\" data-end=\"475\">\n<p data-start=\"418\" data-end=\"475\"><strong data-start=\"418\" data-end=\"440\">Stra\u00dfenbahnlinien:<\/strong> 1, 71, O \u2013 Haltestelle <em data-start=\"464\" data-end=\"473\">Rennweg<\/em><\/p>\n<\/li>\n<li data-start=\"476\" data-end=\"519\">\n<p data-start=\"478\" data-end=\"519\"><strong data-start=\"478\" data-end=\"491\">Buslinie:<\/strong> 77A \u2013 Haltestelle <em data-start=\"510\" data-end=\"519\">Rennweg<\/em><\/p>\n<\/li>\n<\/ul>\n<p>[\/vc_column_text][\/vc_column][\/vc_row]<\/p>\n<\/div>","protected":false},"excerpt":{"rendered":"<p>[vc_row][vc_column][vc_cta h2=&#8220;Folgen Sie uns auf Instagram und bleiben Sie immer auf dem neuesten Stand.&#8220; h4=&#8220;Erhalten Sie exklusive Einblicke, aktuelle Informationen und spannende Inhalte aus erster Hand. Verpassen Sie keine Neuigkeiten mehr und werden Sie Teil unserer Community. Jetzt folgen und informiert bleiben.&#8220; css=&#8220;&#8220;][\/vc_cta][vc_single_image image=&#8220;174901&#8243; img_size=&#8220;medium&#8220; alignment=&#8220;center&#8220; css=&#8220;&#8220;][\/vc_column][vc_column css=&#8220;.vc_custom_1730976621396{margin-top: 50px !important;}&#8220;][vc_column_text css=&#8220;&#8220;] Am Freitag, den 20.&hellip;<\/p>\n","protected":false},"author":57,"featured_media":0,"parent":0,"menu_order":74,"comment_status":"closed","ping_status":"closed","template":"","meta":{"footnotes":""},"class_list":["post-173769","page","type-page","status-publish","hentry","description-off"],"_links":{"self":[{"href":"https:\/\/www.dastheaterhotel.at\/event\/wp-json\/wp\/v2\/pages\/173769","targetHints":{"allow":["GET"]}}],"collection":[{"href":"https:\/\/www.dastheaterhotel.at\/event\/wp-json\/wp\/v2\/pages"}],"about":[{"href":"https:\/\/www.dastheaterhotel.at\/event\/wp-json\/wp\/v2\/types\/page"}],"author":[{"embeddable":true,"href":"https:\/\/www.dastheaterhotel.at\/event\/wp-json\/wp\/v2\/users\/57"}],"replies":[{"embeddable":true,"href":"https:\/\/www.dastheaterhotel.at\/event\/wp-json\/wp\/v2\/comments?post=173769"}],"version-history":[{"count":44,"href":"https:\/\/www.dastheaterhotel.at\/event\/wp-json\/wp\/v2\/pages\/173769\/revisions"}],"predecessor-version":[{"id":174912,"href":"https:\/\/www.dastheaterhotel.at\/event\/wp-json\/wp\/v2\/pages\/173769\/revisions\/174912"}],"wp:attachment":[{"href":"https:\/\/www.dastheaterhotel.at\/event\/wp-json\/wp\/v2\/media?parent=173769"}],"curies":[{"name":"wp","href":"https:\/\/api.w.org\/{rel}","templated":true}]}}