{"id":173793,"date":"2023-10-12T10:18:50","date_gmt":"2023-10-12T10:18:50","guid":{"rendered":"https:\/\/www.dastheaterhotel.at\/?page_id=173793"},"modified":"2026-02-11T15:21:24","modified_gmt":"2026-02-11T14:21:24","slug":"tickets","status":"publish","type":"page","link":"https:\/\/www.dastheaterhotel.at\/event\/tickets\/","title":{"rendered":"Tickets"},"content":{"rendered":"<div class=\"wpb-content-wrapper\"><p>[vc_row equal_height=&#8220;yes&#8220; content_placement=&#8220;top&#8220; bg_type=&#8220;bg_color&#8220; bg_override=&#8220;ex-full&#8220; type=&#8220;vc_default&#8220; css=&#8220;.vc_custom_1492534949775{padding-top: 70px !important;padding-bottom: 40px !important;}&#8220; bg_color_value=&#8220;rgba(255,255,255,0.1)&#8220;][vc_column]<div id=\"ultimate-heading-574669ea2af606b80\" class=\"uvc-heading ult-adjust-bottom-margin ultimate-heading-574669ea2af606b80 uvc-8586  uvc-heading-default-font-sizes\" data-hspacer=\"no_spacer\"  data-halign=\"center\" style=\"text-align:center\"><div class=\"uvc-heading-spacer no_spacer\" style=\"top\"><\/div><div class=\"uvc-main-heading ult-responsive\"  data-ultimate-target='.uvc-heading.ultimate-heading-574669ea2af606b80 h2'  data-responsive-json-new='{\"font-size\":\"\",\"line-height\":\"\"}' ><h2 style=\"--font-weight:theme;\">Ticketkategorien<\/h2><\/div><\/div>[vc_column_text css=&#8220;&#8220;]<\/p>\n<h4 style=\"text-align: center;\">F\u00fcr beide Veranstaltungen stehen unterschiedliche Ticketkategorien zur Verf\u00fcgung.<\/h4>\n<hr \/>\n<p style=\"text-align: center;\">Beim <strong data-start=\"139\" data-end=\"164\">Genuss Dinner &amp; B\u00fchne<\/strong> bewegen sich die Preise je nach Kategorie zwischen <strong data-start=\"216\" data-end=\"234\">56 und 95 Euro<\/strong>.<br data-start=\"235\" data-end=\"238\" \/>F\u00fcr das <strong data-start=\"246\" data-end=\"265\">Tribute Konzert<\/strong> sind Tickets in mehreren Kategorien von <strong data-start=\"306\" data-end=\"324\">25 bis 65 Euro<\/strong> erh\u00e4ltlich.<\/p>\n<p>[\/vc_column_text][\/vc_column][vc_column css=&#8220;.vc_custom_1697106185423{background-position: center !important;background-repeat: no-repeat !important;background-size: cover !important;}&#8220;][vc_column_text css=&#8220;&#8220;]Wenn Sie Probleme bei der Darstellung des Ticketshops haben, <a href=\"https:\/\/www.eventim-light.com\/at\/a\/672b6de3bf4f5a6c3f0e2271\/e\/672c73a5bf4f5a6c3f0e5012\">klicken Sie hier.<\/a>[\/vc_column_text][vc_raw_html css=&#8220;&#8220;]JTNDZGl2JTIwc3R5bGUlM0QlMjJwYWRkaW5nJTNBJTIwMCUzQiUyMiUzRSUzQ2lmcmFtZSUyMGlkJTNEJTIyZXZlbnRpbS1saWdodC1pZnJhbWUtdjItNjcyYjZkZTNiZjRmNWE2YzNmMGUyMjcxJTIyJTIwc3JjJTNEJTIyaHR0cHMlM0ElMkYlMkZ3d3cuZXZlbnRpbS1saWdodC5jb20lMkZhdCUyRmElMkY2NzJiNmRlM2JmNGY1YTZjM2YwZTIyNzElMkZpZnJhbWUlMkYlMjIlMjB3aWR0aCUzRCUyMjEwMCUyNSUyMiUyMGRhdGEtc2Nyb2xsJTNEJTIydHJ1ZSUyMiUyMGRhdGEtc2Nyb2xsLW9mZnNldC15JTNEJTIyMCUyMiUyMHNjcm9sbGluZyUzRCUyMm5vJTIyJTIwZnJhbWVib3JkZXIlM0QlMjIwJTIyJTIwbmFtZSUzRCUyMmV2ZW50aW0tbGlnaHQtaWZyYW1lLXYyLTY3MmI2ZGUzYmY0ZjVhNmMzZjBlMjI3MSUyMiUzRSUzQyUyRmlmcmFtZSUzRSUzQ3NjcmlwdCUyMHR5cGUlM0QlMjJ0ZXh0JTJGamF2YXNjcmlwdCUyMiUyMHNyYyUzRCUyMmh0dHBzJTNBJTJGJTJGd3d3LmV2ZW50aW0tbGlnaHQuY29tJTJGYXQlMkZhJTJGNjcyYjZkZTNiZjRmNWE2YzNmMGUyMjcxJTJGcHVibGljJTJGaWZyYW1lJTJGZWwtc2hvcC5qcyUyMiUzRSUzQyUyRnNjcmlwdCUzRSUzQyUyRmRpdiUzRQ==[\/vc_raw_html][vc_hoverbox image=&#8220;174922&#8243; primary_title=&#8220;&#8220; hover_title=&#8220;&#8220; use_custom_fonts_hover_title=&#8220;true&#8220;]<\/p>\n<h1 class=\"event__title title\" data-v-e297a32b=\"\">Das Charity Dinner Cornelius Obonya <strong data-start=\"35\" data-end=\"79\">ist ausverkauft!<\/strong><\/h1>\n<h3 class=\"event__title title\">Wir bedanken uns herzlich f\u00fcr das gro\u00dfartige Interesse und freuen uns auf einen unvergesslichen Abend mit Ihnen. ?<\/h3>\n<p>[\/vc_hoverbox][\/vc_column][vc_column]<div id=\"ultimate-heading-310269ea2af606bb3\" class=\"uvc-heading ult-adjust-bottom-margin ultimate-heading-310269ea2af606bb3 uvc-1536  uvc-heading-default-font-sizes\" data-hspacer=\"no_spacer\"  data-halign=\"center\" style=\"text-align:center\"><div class=\"uvc-heading-spacer no_spacer\" style=\"top\"><\/div><div class=\"uvc-main-heading ult-responsive\"  data-ultimate-target='.uvc-heading.ultimate-heading-310269ea2af606bb3 h2'  data-responsive-json-new='{\"font-size\":\"\",\"line-height\":\"\"}' ><h2 style=\"--font-weight:theme;\">Pausenbestellung<\/h2><\/div><div class=\"uvc-sub-heading ult-responsive\"  data-ultimate-target='.uvc-heading.ultimate-heading-310269ea2af606bb3 .uvc-sub-heading '  data-responsive-json-new='{\"font-size\":\"\",\"line-height\":\"\"}'  style=\"font-weight:normal;\"><\/p>\n<p style=\"text-align: center;\">Hier k\u00f6nnen Sie Br\u00f6tchen und Getr\u00e4nke f\u00fcr die Pause beim Konzert am Samstag erwerben.<\/p>\n<p><\/div><\/div><style type=\"text\/css\" data-type=\"the7_shortcodes-inline-css\">#default-btn-8032ee854d4e52ad914f06ed16e24b24.ico-right-side > i {\n  margin-right: 0px;\n  margin-left: 8px;\n}\n#default-btn-8032ee854d4e52ad914f06ed16e24b24 > i {\n  margin-right: 8px;\n}\n<\/style><div class=\"btn-align-center\"><a href=\"https:\/\/das-theaterhotel-2026.sumupstore.com\/\" class=\"default-btn-shortcode dt-btn dt-btn-l link-hover-off \" id=\"default-btn-8032ee854d4e52ad914f06ed16e24b24\" style=\"width:300px;\"><span>Link zur Pausenbestellung<\/span><\/a><\/div>[\/vc_column][\/vc_row][vc_row][vc_column]<div id=\"ultimate-heading-948869ea2af606c3d\" class=\"uvc-heading ult-adjust-bottom-margin ultimate-heading-948869ea2af606c3d uvc-6309  uvc-heading-default-font-sizes\" data-hspacer=\"no_spacer\"  data-halign=\"center\" style=\"text-align:center\"><div class=\"uvc-heading-spacer no_spacer\" style=\"top\"><\/div><div class=\"uvc-main-heading ult-responsive\"  data-ultimate-target='.uvc-heading.ultimate-heading-948869ea2af606c3d h2'  data-responsive-json-new='{\"font-size\":\"\",\"line-height\":\"\"}' ><h2 style=\"--font-weight:theme;\">Zimmer im Hotel Savoyen<\/h2><\/div><div class=\"uvc-sub-heading ult-responsive\"  data-ultimate-target='.uvc-heading.ultimate-heading-948869ea2af606c3d .uvc-sub-heading '  data-responsive-json-new='{\"font-size\":\"\",\"line-height\":\"\"}'  style=\"font-weight:normal;\"><\/p>\n<p style=\"text-align: center;\"><strong>F\u00fcr eine bequeme \u00dcbernachtung am Tag unseres Events im Hotel Savoyen.<\/strong><\/p>\n<p style=\"text-align: center;\"><strong>Buchen Sie jetzt Ihr Zimmer mit nur wenigen Klicks!<\/strong><\/p>\n<p><\/div><\/div><div class=\"ult-spacer spacer-69ea2af606c5c\" data-id=\"69ea2af606c5c\" data-height=\"20\" data-height-mobile=\"20\" data-height-tab=\"20\" data-height-tab-portrait=\"\" data-height-mobile-landscape=\"\" style=\"clear:both;display:block;\"><\/div>[\/vc_column][\/vc_row][vc_row][vc_column][vc_column_text css=&#8220;&#8220;]<\/p>\n<p style=\"text-align: center;\">Zimmer (2 Personen): 134,10\u20ac \/pro Nacht<\/p>\n<p>[\/vc_column_text][vc_column_text css=&#8220;&#8220;]<\/p>\n<p style=\"text-align: center;\">Zimmer (4 Personen): 234\u20ac \/pro Nacht<\/p>\n<p>[\/vc_column_text][\/vc_column][\/vc_row][vc_row][vc_column]<div class=\"ult-spacer spacer-69ea2af606c65\" data-id=\"69ea2af606c65\" data-height=\"20\" data-height-mobile=\"20\" data-height-tab=\"20\" data-height-tab-portrait=\"\" data-height-mobile-landscape=\"\" style=\"clear:both;display:block;\"><\/div>[vc_btn title=&#8220;Zimmer Buchen&#8220; style=&#8220;custom&#8220; custom_background=&#8220;#960707&#8243; custom_text=&#8220;#ffffff&#8220; size=&#8220;lg&#8220; align=&#8220;center&#8220; css=&#8220;&#8220; link=&#8220;url:https%3A%2F%2Freservations.travelclick.com%2F75044%3FgroupID%3D4576541%26adults%3D1%26LanguageID%3D7|title:Zimmer-Reservieren&#8220;]<div class=\"ult-spacer spacer-69ea2af606c6b\" data-id=\"69ea2af606c6b\" data-height=\"20\" data-height-mobile=\"20\" data-height-tab=\"20\" data-height-tab-portrait=\"\" data-height-mobile-landscape=\"\" style=\"clear:both;display:block;\"><\/div>[\/vc_column][\/vc_row][vc_row][vc_column][\/vc_column][\/vc_row]<\/p>\n<\/div>","protected":false},"excerpt":{"rendered":"<p>[vc_row equal_height=&#8220;yes&#8220; content_placement=&#8220;top&#8220; bg_type=&#8220;bg_color&#8220; bg_override=&#8220;ex-full&#8220; type=&#8220;vc_default&#8220; css=&#8220;.vc_custom_1492534949775{padding-top: 70px !important;padding-bottom: 40px !important;}&#8220; bg_color_value=&#8220;rgba(255,255,255,0.1)&#8220;][vc_column][vc_column_text css=&#8220;&#8220;] F\u00fcr beide Veranstaltungen stehen unterschiedliche Ticketkategorien zur Verf\u00fcgung. Beim Genuss Dinner &amp; B\u00fchne bewegen sich die Preise je nach Kategorie zwischen 56 und 95 Euro.F\u00fcr das Tribute Konzert sind Tickets in mehreren Kategorien von 25 bis 65 Euro erh\u00e4ltlich. [\/vc_column_text][\/vc_column][vc_column css=&#8220;.vc_custom_1697106185423{background-position: center&hellip;<\/p>\n","protected":false},"author":57,"featured_media":0,"parent":0,"menu_order":74,"comment_status":"closed","ping_status":"closed","template":"","meta":{"footnotes":""},"class_list":["post-173793","page","type-page","status-publish","hentry","description-off"],"_links":{"self":[{"href":"https:\/\/www.dastheaterhotel.at\/event\/wp-json\/wp\/v2\/pages\/173793","targetHints":{"allow":["GET"]}}],"collection":[{"href":"https:\/\/www.dastheaterhotel.at\/event\/wp-json\/wp\/v2\/pages"}],"about":[{"href":"https:\/\/www.dastheaterhotel.at\/event\/wp-json\/wp\/v2\/types\/page"}],"author":[{"embeddable":true,"href":"https:\/\/www.dastheaterhotel.at\/event\/wp-json\/wp\/v2\/users\/57"}],"replies":[{"embeddable":true,"href":"https:\/\/www.dastheaterhotel.at\/event\/wp-json\/wp\/v2\/comments?post=173793"}],"version-history":[{"count":25,"href":"https:\/\/www.dastheaterhotel.at\/event\/wp-json\/wp\/v2\/pages\/173793\/revisions"}],"predecessor-version":[{"id":174927,"href":"https:\/\/www.dastheaterhotel.at\/event\/wp-json\/wp\/v2\/pages\/173793\/revisions\/174927"}],"wp:attachment":[{"href":"https:\/\/www.dastheaterhotel.at\/event\/wp-json\/wp\/v2\/media?parent=173793"}],"curies":[{"name":"wp","href":"https:\/\/api.w.org\/{rel}","templated":true}]}}