{"id":174414,"date":"2025-10-06T12:18:18","date_gmt":"2025-10-06T10:18:18","guid":{"rendered":"https:\/\/www.dastheaterhotel.at\/event\/?page_id=174414"},"modified":"2026-01-23T08:18:38","modified_gmt":"2026-01-23T07:18:38","slug":"tribute-konzert","status":"publish","type":"page","link":"https:\/\/www.dastheaterhotel.at\/event\/tribute-konzert\/","title":{"rendered":"Tribute Konzert"},"content":{"rendered":"<div class=\"wpb-content-wrapper\"><p>[vc_row][vc_column][vc_cta h2=&#8220;Folgen Sie uns auf Instagram und bleiben Sie immer auf dem neuesten Stand.&#8220; h4=&#8220;Erhalten Sie exklusive Einblicke, aktuelle Informationen und spannende Inhalte aus erster Hand. Verpassen Sie keine Neuigkeiten mehr und werden Sie Teil unserer Community. Jetzt folgen und informiert bleiben.&#8220; css=&#8220;&#8220;][\/vc_cta][vc_single_image image=&#8220;174901&#8243; img_size=&#8220;medium&#8220; alignment=&#8220;center&#8220; css=&#8220;&#8220;][\/vc_column][vc_column css=&#8220;.vc_custom_1730976621396{margin-top: 50px !important;}&#8220;]<div id=\"ultimate-heading-807669ea3aa566464\" class=\"uvc-heading ult-adjust-bottom-margin ultimate-heading-807669ea3aa566464 uvc-3358 accent-border-color color-title\" data-hspacer=\"line_only\"  data-halign=\"center\" style=\"text-align:center\"><div class=\"uvc-main-heading ult-responsive\"  data-ultimate-target='.uvc-heading.ultimate-heading-807669ea3aa566464 h2'  data-responsive-json-new='{\"font-size\":\"desktop:30px;\",\"line-height\":\"desktop:40px;\"}' ><h2 style=\"font-weight:bold;margin-bottom:10px;\">Unterhaltung mit Haltung - JOHN LENNON TRIBUTE BAND<\/h2><\/div><div class=\"uvc-heading-spacer line_only\" style=\"margin-bottom:55px;height:3px;\"><span class=\"uvc-headings-line\" style=\"border-style:solid;border-bottom-width:3px;border-color:#ccc;width:100px;\"><\/span><\/div><\/div>[vc_column_text css=&#8220;&#8220;]<\/p>\n<p class=\"p2\" style=\"text-align: center;\">Am Samstag, den 21. Februar 2026 l\u00e4dt Sie das Theaterhotel reloaded by MODUL wieder zu einem Konzertereignis der besonderen Art ein:<\/p>\n<p class=\"p1\" style=\"text-align: center;\"><span class=\"s1\">Das <strong>Tribute to Otto Tausig Konzert<\/strong> steht heuer im Zeichen von John Lennon &amp; den Beatles. <\/span><\/p>\n<p class=\"p1\" style=\"text-align: center;\"><span class=\"s1\">Freuen Sie sich auf die <strong>John Lennon Tribute Band featuring Andy Baum &amp; special guest mit ihrem Programm &#8222;Imagine&#8220;<\/strong>.<\/span><\/p>\n<p class=\"p1\" style=\"text-align: center;\"><span class=\"s1\"> Frei nach dem Motto: John Lennon ist aktueller denn je.<\/span><b><\/b><!-- notionvc: e138d05f-2a40-409d-81fd-1ca3cd91e21e --><\/p>\n<p>[\/vc_column_text][vc_column_text css=&#8220;&#8220;]<\/p>\n<h2 style=\"text-align: center;\">Konzert A Tribute to John Lennon 21.02.2026\u00a0 &#8211; 11.00 Uhr<\/h2>\n<p>[\/vc_column_text][\/vc_column][\/vc_row][vc_row css=&#8220;.vc_custom_1730976540675{margin-top: 50px !important;}&#8220;][vc_column width=&#8220;1\/2&#8243; css=&#8220;.vc_custom_1730976954758{margin-top: 40px !important;}&#8220;][vc_single_image image=&#8220;174792&#8243; img_size=&#8220;500&#215;300&#8243; add_caption=&#8220;yes&#8220; css=&#8220;&#8220;][vc_column_text css=&#8220;&#8220;]<span data-olk-copy-source=\"MessageBody\">\u00a9 Georg Cizek-Graf<\/span>[\/vc_column_text][\/vc_column][vc_column width=&#8220;1\/2&#8243;][vc_column_text css=&#8220;.vc_custom_1764275881335{margin-top: 40px !important;}&#8220;]Erleben Sie eine unvergessliche Matinee mit der John Lennon Tribute Band.<!-- notionvc: 5b3c9265-c0f5-4cb7-a85d-386cb33be059 --><\/p>\n<p>Die John Lennon Tribute Band &#8211; featuring Andy Baum &amp; special guest spielen: Imagine. Ein MUSS f\u00fcr alle Beatles Fans. Die Musik der Beatles gibt Kraft &amp; Lebensfreude und Andy Baum verleiht den Lennon Songs eine ganz besondere Tiefe.[\/vc_column_text][\/vc_column][\/vc_row][vc_row][vc_column width=&#8220;1\/2&#8243; css=&#8220;.vc_custom_1730976606097{margin-top: 40px !important;}&#8220;][vc_single_image image=&#8220;174795&#8243; img_size=&#8220;large&#8220; add_caption=&#8220;yes&#8220; css=&#8220;&#8220;][vc_column_text css=&#8220;&#8220;]<span data-olk-copy-source=\"MessageBody\">\u00a9 Georg Cizek-Graf<\/span>[\/vc_column_text][\/vc_column][vc_column width=&#8220;1\/2&#8243; css=&#8220;.vc_custom_1730976596217{margin-top: 40px !important;}&#8220;][vc_column_text css=&#8220;&#8220;]<\/p>\n<h4><strong>Featuring Andy Baum &amp; Special Guest \u00a0<\/strong><\/h4>\n<p class=\"p1\"><span class=\"s1\">Das <\/span><span class=\"s2\">John Lennon Tribute \u2013 <strong>IMAGINE<\/strong><\/span><span class=\"s1\"> bringt die bekannten Songs von John Lennon und den Beatles live auf die B\u00fchne und erinnert an deren zeitlose Botschaften, allen voran \u201eImagine\u201c. Die Musik steht f\u00fcr Lebensfreude, Frieden und Inspiration.<\/span><\/p>\n<p class=\"p1\"><span class=\"s1\">Der \u00f6sterreichische Musiker <\/span><span class=\"s2\">Andy Baum<\/span><span class=\"s1\"> pr\u00e4gt das Projekt seit Beginn mit seiner markanten Stimme und verleiht den St\u00fccken besondere Emotion und Authentizit\u00e4t. Baum schrieb bereits in den 1980er-Jahren Musikgeschichte und feierte viele Erfolge.<\/span><\/p>\n<p class=\"p1\"><span class=\"s1\">Die Tribute-Band \u00fcberzeugt mit mehrstimmigem Gesang, starken Soli und gro\u00dfer Spielfreude. Die Allg\u00e4uer Zeitung beschreibt das Konzert als farbenreich, emotional und lebendig \u2013 ganz im Sinne von: <\/span><strong><span class=\"s2\">\u201eLennon lebt!\u201c<\/span><\/strong><\/p>\n<p><!-- notionvc: 4f946130-e871-47b8-aca9-8f93dea3c3e0 -->[\/vc_column_text][\/vc_column][vc_column][vc_cta h2=&#8220;&#8220; css=&#8220;&#8220;]<\/p>\n<h2><\/h2>\n<h1 style=\"text-align: center;\"><strong>Die radikalste Waffe: Vorstellungskraft<\/strong><\/h1>\n<p>[\/vc_cta][\/vc_column][\/vc_row][vc_row][vc_column width=&#8220;1\/2&#8243;][vc_single_image image=&#8220;174877&#8243; img_size=&#8220;large&#8220; css=&#8220;&#8220;][vc_column_text css=&#8220;&#8220;]<span data-olk-copy-source=\"MessageBody\">\u00a9 Image by BarbeeAnne and Saturnino by Pixabay<\/span>[\/vc_column_text][\/vc_column][vc_column width=&#8220;1\/2&#8243;][vc_cta h2=&#8220;Ein Mann, eine Vision&#8220; txt_align=&#8220;center&#8220; css=&#8220;&#8220;][\/vc_cta][vc_column_text css=&#8220;&#8220;]<b><span data-contrast=\"none\">Steckbrief:\u202fJohn Lennon<\/span><\/b><span data-ccp-props=\"{}\">\u00a0<\/span><\/p>\n<p><b><span data-contrast=\"none\">Name:<\/span><\/b><span data-contrast=\"none\">\u202fJohn Winston Lennon<\/span><span data-ccp-props=\"{&quot;134233117&quot;:true,&quot;134233118&quot;:true,&quot;201341983&quot;:0,&quot;335559740&quot;:240}\">\u00a0<\/span><\/p>\n<p><b><span data-contrast=\"none\">Geboren:\u00a0<\/span><\/b><span data-contrast=\"none\">9 Oktober\u00a01940<\/span><\/p>\n<p><strong>Gestorben: <\/strong>8 Dezember 1980<\/p>\n<p><b><span data-contrast=\"none\">Beruf:<\/span><\/b><span data-contrast=\"none\">\u202fMusiker, Denker, Unruhestifter<\/span><br \/>\n<b><span data-contrast=\"none\">Bekannt f\u00fcr:<\/span><\/b><span data-contrast=\"none\">\u202fDie Beatles,\u202fImagine, klare Worte<\/span><br \/>\n<b><span data-contrast=\"none\">Lieblingsfrage:<\/span><\/b><span data-contrast=\"none\">\u202fWhat\u00a0if?<\/span><br \/>\n<b><span data-contrast=\"none\">Superkraft:<\/span><\/b><span data-contrast=\"none\">\u202fAus einfachen Liedern gro\u00dfe Gedanken machen<\/span><br \/>\n<b><span data-contrast=\"none\">Haltung:<\/span><\/b><span data-contrast=\"none\">\u202fFrieden ist kein Traum, sondern eine Entscheidung<\/span><br \/>\n<b><span data-contrast=\"none\">Problem:<\/span><\/b><span data-contrast=\"none\">\u202fWar seiner Zeit oft zu weit voraus<\/span><br \/>\n<span data-contrast=\"none\"><strong>Verm\u00e4chtnis:\u202f<\/strong>Musik, die bleibt auch wenn alles andere vergeht<\/span><span data-ccp-props=\"{&quot;134233117&quot;:true,&quot;134233118&quot;:true,&quot;201341983&quot;:0,&quot;335559740&quot;:240}\">\u00a0<\/span>[\/vc_column_text][vc_cta h2=&#8220;Ein Tr\u00e4umer mit Brille&#8220; css=&#8220;&#8220;]<span class=\"TextRun SCXW183441656 BCX0\" lang=\"DE-AT\" xml:lang=\"DE-AT\" data-contrast=\"none\"><span class=\"NormalTextRun SCXW183441656 BCX0\">Er war kein Heiliger, kein Held.<\/span><\/span><span class=\"LineBreakBlob BlobObject DragDrop SCXW183441656 BCX0\"><span class=\"SCXW183441656 BCX0\">\u00a0<\/span><br class=\"SCXW183441656 BCX0\" \/><\/span><span class=\"TextRun SCXW183441656 BCX0\" lang=\"DE-AT\" xml:lang=\"DE-AT\" data-contrast=\"none\"><span class=\"NormalTextRun SCXW183441656 BCX0\">Er wollte nur: eine bessere Welt.<\/span><\/span><span class=\"LineBreakBlob BlobObject DragDrop SCXW183441656 BCX0\"><span class=\"SCXW183441656 BCX0\">\u00a0<\/span><br class=\"SCXW183441656 BCX0\" \/><\/span><span class=\"TextRun SCXW183441656 BCX0\" lang=\"DE-AT\" xml:lang=\"DE-AT\" data-contrast=\"none\"><span class=\"NormalTextRun SCXW183441656 BCX0\">Mit Gitarre, Stimme, klarer Sicht\u00a0<\/span><\/span><span class=\"LineBreakBlob BlobObject DragDrop SCXW183441656 BCX0\"><span class=\"SCXW183441656 BCX0\">\u00a0<\/span><br class=\"SCXW183441656 BCX0\" \/><\/span><span class=\"TextRun SCXW183441656 BCX0\" lang=\"DE-AT\" xml:lang=\"DE-AT\" data-contrast=\"none\"><span class=\"NormalTextRun SCXW183441656 BCX0\">John Lennon. Mehr braucht\u2019s eigentlich nicht.<\/span><\/span><span class=\"EOP SCXW183441656 BCX0\" data-ccp-props=\"{}\">\u00a0<\/span>[\/vc_cta][\/vc_column][\/vc_row][vc_row css=&#8220;.vc_custom_1730971123671{margin-top: 35px !important;}&#8220;][vc_column]<div class=\"ult-spacer spacer-69ea3aa566497\" data-id=\"69ea3aa566497\" data-height=\"30\" data-height-mobile=\"30\" data-height-tab=\"30\" data-height-tab-portrait=\"\" data-height-mobile-landscape=\"\" style=\"clear:both;display:block;\"><\/div>[vc_column_text]<\/p>\n<h5><\/h5>\n<h5><\/h5>\n<p>&nbsp;<\/p>\n<h5 style=\"text-align: center;\"><strong>Sie k\u00f6nnen jetzt Ihre Tickets f\u00fcr eine oder auch beide Veranstaltungen online kaufen. Beeilen Sie sich, denn die Pl\u00e4tze sind begrenzt! <\/strong><\/h5>\n<h5 style=\"text-align: center;\"><strong>Wir freuen uns auf Ihren Besuch!<\/strong><!-- notionvc: bad1a887-ff79-4b36-8c19-a2dcf4d195a3 --><\/h5>\n<p>[\/vc_column_text]<div class=\"ult-spacer spacer-69ea3aa5664a3\" data-id=\"69ea3aa5664a3\" data-height=\"40\" data-height-mobile=\"40\" data-height-tab=\"40\" data-height-tab-portrait=\"\" data-height-mobile-landscape=\"\" style=\"clear:both;display:block;\"><\/div>[vc_btn title=&#8220;Tickets sichern&#8220; style=&#8220;custom&#8220; custom_background=&#8220;#960707&#8243; custom_text=&#8220;#ffffff&#8220; align=&#8220;center&#8220; css=&#8220;.vc_custom_1764271966305{margin-bottom: 50px !important;}&#8220; link=&#8220;url:https%3A%2F%2Fwww.dastheaterhotel.at%2Fevent%2Ftickets%2F|title:Tickets&#8220;][vc_row_inner css=&#8220;.vc_custom_1730976663014{margin-top: 80px !important;}&#8220;][vc_column_inner width=&#8220;1\/2&#8243; css=&#8220;.vc_custom_1730977010089{margin-top: 30px !important;}&#8220;][vc_single_image image=&#8220;174835&#8243; img_size=&#8220;large&#8220; css=&#8220;&#8220;][\/vc_column_inner][vc_column_inner width=&#8220;1\/2&#8243; css=&#8220;.vc_custom_1730977004393{margin-top: 30px !important;}&#8220;]<div id=\"ultimate-heading-995969ea3aa5664bb\" class=\"uvc-heading ult-adjust-bottom-margin ultimate-heading-995969ea3aa5664bb uvc-8797 accent-border-color color-title\" data-hspacer=\"line_only\"  data-halign=\"center\" style=\"text-align:center\"><div class=\"uvc-main-heading ult-responsive\"  data-ultimate-target='.uvc-heading.ultimate-heading-995969ea3aa5664bb h2'  data-responsive-json-new='{\"font-size\":\"desktop:30px;\",\"line-height\":\"desktop:40px;\"}' ><h2 style=\"font-weight:bold;margin-bottom:10px;\">Die Kulinarik beim Konzert<\/h2><\/div><div class=\"uvc-heading-spacer line_only\" style=\"margin-bottom:55px;height:3px;\"><span class=\"uvc-headings-line\" style=\"border-style:solid;border-bottom-width:3px;border-color:#ccc;width:100px;\"><\/span><\/div><\/div>[vc_column_text css=&#8220;&#8220;]<\/p>\n<p style=\"text-align: center;\">Konzert: 11.00 \u2013 12.30 Uhr<\/p>\n<p style=\"text-align: center;\">Ab 10.00 Uhr begr\u00fc\u00dfen wir unsere G\u00e4ste mit Fingerfood.<\/p>\n<p>In der Konzertpause verw\u00f6hnt Sie das GastgeberInnen-Team mit Getr\u00e4nken und Br\u00f6tchen.<\/p>\n<p>Sie k\u00f6nnen gerne Einzelbestellungen f\u00fcr Br\u00f6tchen wie z.B.\u00a0 Baguette mit Brie, Trauben &amp; Waln\u00fcssen, Tramezzini (Schinken, R\u00e4ucherlachs, Veganen Aufstrich) und S\u00fc\u00dfes wie Pariser Spitz, Biskuitroulade, Schokomandeln und Getr\u00e4nke per Mail vorbestellen oder am Abend direkt bei der Abendkasse bestellen.<\/p>\n<p>Oder Sie w\u00e4hlen unsere &#8222;legend\u00e4re&#8220; MODUL Lounge. Bei der MODUL Lounge handelt es sich um einen eigenen Bereich im Foyer. Dort erwartet Sie unser bew\u00e4hrtes MODUL Service: Br\u00f6tchen, Sekt &amp; Wein sowie antialkoholische Getr\u00e4nke durchgereicht von den Sch\u00fcler*innen der Tourismusschulen MODUL um EUR 22,-.<\/p>\n<p><em>Hier ist der Link zur <strong>Vorbestellung<\/strong> der Verpflegung f\u00fcr die Pause bzw. der MODUL Lounge:<\/em><\/p>\n<p><a href=\"https:\/\/das-theaterhotel-2026.sumupstore.com\/\">https:\/\/das-theaterhotel-2026.sumupstore.com\/<\/a>[\/vc_column_text][\/vc_column_inner][\/vc_row_inner][vc_row_inner css=&#8220;.vc_custom_1730972082623{margin-top: 90px !important;}&#8220;][vc_column_inner]<div id=\"ultimate-heading-356269ea3aa5664e3\" class=\"uvc-heading ult-adjust-bottom-margin ultimate-heading-356269ea3aa5664e3 uvc-3972 accent-border-color color-title\" data-hspacer=\"line_only\"  data-halign=\"center\" style=\"text-align:center\"><div class=\"uvc-main-heading ult-responsive\"  data-ultimate-target='.uvc-heading.ultimate-heading-356269ea3aa5664e3 h2'  data-responsive-json-new='{\"font-size\":\"desktop:30px;\",\"line-height\":\"desktop:40px;\"}' ><h2 style=\"font-weight:bold;margin-bottom:10px;\">Besetzung der John Lennon Tribute Band<\/h2><\/div><div class=\"uvc-heading-spacer line_only\" style=\"margin-bottom:55px;height:3px;\"><span class=\"uvc-headings-line\" style=\"border-style:solid;border-bottom-width:3px;border-color:#ccc;width:100px;\"><\/span><\/div><\/div>[vc_column_text css=&#8220;&#8220;]<\/p>\n<p style=\"text-align: center;\">Andy Baum &#8211; Vocals, Gitarre<\/p>\n<p style=\"text-align: center;\">Ramona Kasheer &#8211; Vocals, Gitarre<\/p>\n<p style=\"text-align: center;\">Alex Gantz &#8211; E-Gitarre<\/p>\n<p style=\"text-align: center;\">Martin Payr &#8211; Keyboards<\/p>\n<p style=\"text-align: center;\">J\u00fcrgen Mitterlehner &#8211; Saxofone, Percussion<\/p>\n<p style=\"text-align: center;\">Arnulf Lindner &#8211; Vocals, Bass, Cello<\/p>\n<p style=\"text-align: center;\">Robin Gillard &#8211; Vocals, Drums, Bandleader<\/p>\n<p>https:\/\/www.johnlennontribute.at\/[\/vc_column_text][\/vc_column_inner][\/vc_row_inner][vc_single_image image=&#8220;174009&#8243; img_size=&#8220;500*360&#8243; alignment=&#8220;center&#8220; css=&#8220;.vc_custom_1732010816037{margin-top: 50px !important;}&#8220;]<div class=\"ult-spacer spacer-69ea3aa5664fa\" data-id=\"69ea3aa5664fa\" data-height=\"40\" data-height-mobile=\"40\" data-height-tab=\"40\" data-height-tab-portrait=\"\" data-height-mobile-landscape=\"\" style=\"clear:both;display:block;\"><\/div>[\/vc_column][\/vc_row][vc_row equal_height=&#8220;yes&#8220; content_placement=&#8220;top&#8220; bg_type=&#8220;bg_color&#8220; bg_override=&#8220;ex-full&#8220; type=&#8220;vc_default&#8220; css=&#8220;.vc_custom_1730972094377{margin-top: 70px !important;padding-top: 70px !important;padding-bottom: 40px !important;}&#8220; bg_color_value=&#8220;rgba(183,191,199,0.1)&#8220;][vc_column width=&#8220;2\/3&#8243; offset=&#8220;vc_col-lg-offset-0 vc_col-lg-6 vc_col-md-offset-0 vc_col-md-6 vc_col-sm-offset-2 vc_col-xs-12&#8243;]<div id='wrap_map_69ea3aa56650e' class='ultimate-map-wrapper ult-adjust-bottom-margin ' style=' height:300px;'><div id='map_69ea3aa56650e' data-map_override='0' class='ultimate_google_map wpb_content_element 0' style='width:100%;height:300px;'><\/div><\/div><script type='text\/javascript'>\n\t\t\t(function($) {\n  \t\t\t'use strict';\n\t\t\tvar map_map_69ea3aa56650e = null;\n\t\t\tvar coordinate_map_69ea3aa56650e;\n\t\t\tvar isDraggable = $(document).width() > 641 ? 'true' : 'true';\n\t\t\ttry\n\t\t\t{\n\t\t\t\tvar map_map_69ea3aa56650e = null;\n\t\t\t\tvar coordinate_map_69ea3aa56650e;\n\t\t\t\tcoordinate_map_69ea3aa56650e = new google.maps.LatLng(48.19504, 16.38448);\n\t\t\t\tvar mapOptions=\n\t\t\t\t{\n\t\t\t\t\tzoom: 12,\n\t\t\t\t\tcenter: coordinate_map_69ea3aa56650e,\n\t\t\t\t\tscaleControl: true,\n\t\t\t\t\tstreetViewControl: false,\n\t\t\t\t\tmapTypeControl: false,\n\t\t\t\t\tpanControl: false,\n\t\t\t\t\tzoomControl: false,\n\t\t\t\t\tscrollwheel: true,\n\t\t\t\t\tdraggable: isDraggable,\n\t\t\t\t\tzoomControlOptions: {\n\t\t\t\t\t\tposition: google.maps.ControlPosition.right_bottom\n\t\t\t\t\t},mapTypeId: google.maps.MapTypeId.roadmap,};var map_map_69ea3aa56650e = new google.maps.Map(document.getElementById('map_69ea3aa56650e'),mapOptions);\n\t\t\t\t\t\tvar x = 'infowindow_open_value';\n\t\t\t\t\t\tvar marker_map_69ea3aa56650e = new google.maps.Marker({\n\t\t\t\t\t\tposition: new google.maps.LatLng('48.19504', '16.38448'),\n\t\t\t\t\t\tanimation:  google.maps.Animation.DROP,\n\t\t\t\t\t\tmap: map_map_69ea3aa56650e,\n\t\t\t\t\t\ticon: ''\n\t\t\t\t\t});\tgoogle.maps.event.addListener(marker_map_69ea3aa56650e, 'click', toggleBounce);var infowindow = new google.maps.InfoWindow();\n\t\t\t\t\t\t\tinfowindow.setContent('<div class=\"map_info_text\" style=\\'color:#000;\\'>Austria Trend Hotel Savoyen<br \/> Rennweg 16, 1030 Wien<\/div>');google.maps.event.addListener(marker_map_69ea3aa56650e, 'click', function() {\n\t\t\t\t\t\t\t\tinfowindow.open(map_map_69ea3aa56650e,marker_map_69ea3aa56650e);\n\t\t\t\t\t\t  \t});}\n\t\t\tcatch(e){};\n\t\t\tjQuery(document).ready(function($){\n\t\t\t\tgoogle.maps.event.trigger(map_map_69ea3aa56650e, 'resize');\n\t\t\t\t$(window).on('resize', function(){\n\t\t\t\t\tgoogle.maps.event.trigger(map_map_69ea3aa56650e, 'resize');\n\t\t\t\t\tif(map_map_69ea3aa56650e!=null)\n\t\t\t\t\t\tmap_map_69ea3aa56650e.setCenter(coordinate_map_69ea3aa56650e);\n\t\t\t\t});\n\t\t\t\t$('.ui-tabs').on('tabsactivate', function(event, ui) {\n\t\t\t\t   if($(this).find('.ultimate-map-wrapper').length > 0)\n\t\t\t\t\t{\n\t\t\t\t\t\tsetTimeout(function(){\n\t\t\t\t\t\t\t$(window).trigger('resize');\n\t\t\t\t\t\t},200);\n\t\t\t\t\t}\n\t\t\t\t});\n\t\t\t\t$('.ui-accordion').on('accordionactivate', function(event, ui) {\n\t\t\t\t   if($(this).find('.ultimate-map-wrapper').length > 0)\n\t\t\t\t\t{\n\t\t\t\t\t\tsetTimeout(function(){\n\t\t\t\t\t\t\t$(window).trigger('resize');\n\t\t\t\t\t\t},200);\n\t\t\t\t\t}\n\t\t\t\t});\n\t\t\t\t$(window).on('load',function(){\n\t\t\t\t\tsetTimeout(function(){\n\t\t\t\t\t\t$(window).trigger('resize');\n\t\t\t\t\t},200);\n\t\t\t\t});\n\t\t\t\t$('.ult_exp_section').on('select', function(){\n\t\t\t\t\tif($(map_map_69ea3aa56650e).parents('.ult_exp_section'))\n\t\t\t\t\t{\n\t\t\t\t\t\tsetTimeout(function(){\n\t\t\t\t\t\t\t$(window).trigger('resize');\n\t\t\t\t\t\t},200);\n\t\t\t\t\t}\n\t\t\t\t});\n\t\t\t\t$(document).on('onUVCModalPopupOpen', function(){\n\t\t\t\t\tif($(map_map_69ea3aa56650e).parents('.ult_modal-content'))\n\t\t\t\t\t{\n\t\t\t\t\t\tsetTimeout(function(){\n\t\t\t\t\t\t\t$(window).trigger('resize');\n\t\t\t\t\t\t},200);\n\t\t\t\t\t}\n\t\t\t\t});\n\t\t\t\t$(document).on('click','.ult_tab_li',function(){\n\t\t\t\t\t$(window).trigger('resize');\n\t\t\t\t\tsetTimeout(function(){\n\t\t\t\t\t\t$(window).trigger('resize');\n\t\t\t\t\t},200);\n\t\t\t\t});\n\t\t\t});\n\t\t\tfunction toggleBounce() {\n\t\t\t  if (marker_map_69ea3aa56650e.getAnimation() != null) {\n\t\t\t\tmarker_map_69ea3aa56650e.setAnimation(null);\n\t\t\t  } else {\n\t\t\t\tmarker_map_69ea3aa56650e.setAnimation(google.maps.Animation.BOUNCE);\n\t\t\t  }\n\t\t\t}\n\t\t\t})(jQuery);\n\t\t\t<\/script>[\/vc_column][vc_column width=&#8220;2\/3&#8243; offset=&#8220;vc_col-lg-offset-0 vc_col-lg-6 vc_col-md-offset-0 vc_col-md-6 vc_col-sm-offset-2 vc_col-xs-12&#8243; css=&#8220;.vc_custom_1476220031159{padding-bottom: 15px !important;}&#8220;]<div id=\"ultimate-heading-64869ea3aa56654e\" class=\"uvc-heading ult-adjust-bottom-margin ultimate-heading-64869ea3aa56654e uvc-1413 \" data-hspacer=\"no_spacer\"  data-halign=\"left\" style=\"text-align:left\"><div class=\"uvc-heading-spacer no_spacer\" style=\"top\"><\/div><div class=\"uvc-main-heading ult-responsive\"  data-ultimate-target='.uvc-heading.ultimate-heading-64869ea3aa56654e h2'  data-responsive-json-new='{\"font-size\":\"desktop:18px;\",\"line-height\":\"desktop:28px;\"}' ><h2 style=\"font-weight:bold;margin-bottom:20px;\">Austria Trend Hotel Savoyen<\/h2><\/div><\/div>[vc_column_text css=&#8220;.vc_custom_1763911358379{padding-bottom: 20px !important;}&#8220;]<\/p>\n<p data-start=\"56\" data-end=\"81\"><strong data-start=\"60\" data-end=\"81\">Adresse &amp; Anreise<\/strong><\/p>\n<p data-start=\"83\" data-end=\"131\"><strong data-start=\"83\" data-end=\"95\">Adresse:<\/strong><br data-start=\"95\" data-end=\"98\" \/>Rennweg 16, 1030 Wien, \u00d6sterreich<\/p>\n<p data-start=\"133\" data-end=\"334\"><strong data-start=\"133\" data-end=\"152\">Erreichbarkeit:<\/strong><br data-start=\"152\" data-end=\"155\" \/>Das Austria Trend Hotel Savoyen liegt nur 5 Minuten Fu\u00dfweg vom Bahnhof Rennweg entfernt.<\/p>\n<p data-start=\"336\" data-end=\"369\"><strong data-start=\"336\" data-end=\"367\">\u00d6ffentliche Verkehrsmittel:<\/strong><\/p>\n<ul data-start=\"370\" data-end=\"519\">\n<li data-start=\"370\" data-end=\"415\">\n<p data-start=\"372\" data-end=\"415\"><strong data-start=\"372\" data-end=\"393\">Bahnen &amp; S-Bahnen<\/strong> \u2013 Station <em data-start=\"404\" data-end=\"413\">Rennweg<\/em><\/p>\n<\/li>\n<li data-start=\"416\" data-end=\"475\">\n<p data-start=\"418\" data-end=\"475\"><strong data-start=\"418\" data-end=\"440\">Stra\u00dfenbahnlinien:<\/strong> 1, 71, O \u2013 Haltestelle <em data-start=\"464\" data-end=\"473\">Rennweg<\/em><\/p>\n<\/li>\n<li data-start=\"476\" data-end=\"519\">\n<p data-start=\"478\" data-end=\"519\"><strong data-start=\"478\" data-end=\"491\">Buslinie:<\/strong> 77A \u2013 Haltestelle <em data-start=\"510\" data-end=\"519\">Rennweg<\/em><\/p>\n<\/li>\n<\/ul>\n<p>[\/vc_column_text][\/vc_column][\/vc_row]<\/p>\n<\/div>","protected":false},"excerpt":{"rendered":"<p>[vc_row][vc_column][vc_cta h2=&#8220;Folgen Sie uns auf Instagram und bleiben Sie immer auf dem neuesten Stand.&#8220; h4=&#8220;Erhalten Sie exklusive Einblicke, aktuelle Informationen und spannende Inhalte aus erster Hand. Verpassen Sie keine Neuigkeiten mehr und werden Sie Teil unserer Community. Jetzt folgen und informiert bleiben.&#8220; css=&#8220;&#8220;][\/vc_cta][vc_single_image image=&#8220;174901&#8243; img_size=&#8220;medium&#8220; alignment=&#8220;center&#8220; css=&#8220;&#8220;][\/vc_column][vc_column css=&#8220;.vc_custom_1730976621396{margin-top: 50px !important;}&#8220;][vc_column_text css=&#8220;&#8220;] Am Samstag, den 21.&hellip;<\/p>\n","protected":false},"author":78,"featured_media":0,"parent":0,"menu_order":74,"comment_status":"closed","ping_status":"closed","template":"","meta":{"footnotes":""},"class_list":["post-174414","page","type-page","status-publish","hentry","description-off"],"_links":{"self":[{"href":"https:\/\/www.dastheaterhotel.at\/event\/wp-json\/wp\/v2\/pages\/174414","targetHints":{"allow":["GET"]}}],"collection":[{"href":"https:\/\/www.dastheaterhotel.at\/event\/wp-json\/wp\/v2\/pages"}],"about":[{"href":"https:\/\/www.dastheaterhotel.at\/event\/wp-json\/wp\/v2\/types\/page"}],"author":[{"embeddable":true,"href":"https:\/\/www.dastheaterhotel.at\/event\/wp-json\/wp\/v2\/users\/78"}],"replies":[{"embeddable":true,"href":"https:\/\/www.dastheaterhotel.at\/event\/wp-json\/wp\/v2\/comments?post=174414"}],"version-history":[{"count":77,"href":"https:\/\/www.dastheaterhotel.at\/event\/wp-json\/wp\/v2\/pages\/174414\/revisions"}],"predecessor-version":[{"id":174915,"href":"https:\/\/www.dastheaterhotel.at\/event\/wp-json\/wp\/v2\/pages\/174414\/revisions\/174915"}],"wp:attachment":[{"href":"https:\/\/www.dastheaterhotel.at\/event\/wp-json\/wp\/v2\/media?parent=174414"}],"curies":[{"name":"wp","href":"https:\/\/api.w.org\/{rel}","templated":true}]}}