{"id":174421,"date":"2025-10-06T12:20:16","date_gmt":"2025-10-06T10:20:16","guid":{"rendered":"https:\/\/www.dastheaterhotel.at\/event\/?page_id=174421"},"modified":"2025-11-21T15:40:19","modified_gmt":"2025-11-21T14:40:19","slug":"info","status":"publish","type":"page","link":"https:\/\/www.dastheaterhotel.at\/event\/info\/","title":{"rendered":"Info"},"content":{"rendered":"<div class=\"wpb-content-wrapper\"><p>[vc_row][vc_column][vc_cta h2=&#8220;Informationen&#8220; h4=&#8220;Anfahrt, Unternkunft und FAQ&#8220; txt_align=&#8220;center&#8220; css=&#8220;&#8220;][\/vc_cta][vc_raw_html css=&#8220;&#8220;]JTNDaWZyYW1lJTIwd2lkdGglM0QlMjIxMDAlMjUlMjIlMjBoZWlnaHQlM0QlMjIzNTAlMjIlMjBzcmMlM0QlMjJodHRwcyUzQSUyRiUyRnd3dy5vcGVuc3RyZWV0bWFwLm9yZyUyRmV4cG9ydCUyRmVtYmVkLmh0bWwlM0ZiYm94JTNEMTYuMzgzMTg3NDcyODIwMjg2JTI1MkM0OC4xOTM5MTk0ODgyNjU2NiUyNTJDMTYuMzg0OTczODI0MDI0MjA0JTI1MkM0OC4xOTUzOTQ1NjAwOTQzNjQlMjZhbXAlM0JsYXllciUzRG1hcG5payUyNmFtcCUzQm1hcmtlciUzRDQ4LjE5NDY1NzAyOTQ4ODE3JTI1MkMxNi4zODQwODA2NDg0MjIyNCUyMiUyMHN0eWxlJTNEJTIyYm9yZGVyJTNBJTIwMXB4JTIwc29saWQlMjBibGFjayUyMiUzRSUzQyUyRmlmcmFtZSUzRSUzQ2JyJTJGJTNFJTNDc21hbGwlM0UlM0NhJTIwaHJlZiUzRCUyMmh0dHBzJTNBJTJGJTJGd3d3Lm9wZW5zdHJlZXRtYXAub3JnJTJGJTNGbWxhdCUzRDQ4LjE5NDY1NyUyNmFtcCUzQm1sb24lM0QxNi4zODQwODElMjNtYXAlM0QxOSUyRjQ4LjE5NDY1NyUyRjE2LjM4NDA4MSUyMiUzRUdyJUMzJUI2JUMzJTlGZXJlJTIwS2FydGUlMjBhbnplaWdlbiUzQyUyRmElM0UlM0MlMkZzbWFsbCUzRQ==[\/vc_raw_html][vc_column_text css=&#8220;&#8220;]<em>Adresse: Rennweg 16, 1030 Wien \u00d6sterreich<\/em><\/p>\n<p><strong>Anfahrt:<\/strong><\/p>\n<p>S-Bahn: S1, S2, S3, S4 und S7<\/p>\n<p>Stra\u00dfenbahn: Linie 71, Linie 1, Linie O<\/p>\n<p>Bus: 4A, 77A und N71[\/vc_column_text][vc_single_image image=&#8220;174709&#8243; img_size=&#8220;600&#215;300&#8243; alignment=&#8220;center&#8220; css=&#8220;&#8220;][vc_column_text css=&#8220;&#8220;]<\/p>\n<p style=\"text-align: center\"><strong><span data-olk-copy-source=\"MessageBody\">Quelle \/ \u00a9\u00a0<span class=\"markwja8xbjrm\" data-markjs=\"true\" data-ogac=\"\" data-ogab=\"\" data-ogsc=\"\" data-ogsb=\"\">Fahrrad<\/span>Wien.at<\/span><\/strong><\/p>\n<p style=\"text-align: center\">\u2014\u2014\u2014\u2014\u2014\u2014\u2014\u2014-<\/p>\n<p style=\"text-align: center\"><strong><em>-F\u00fcr das Event stehen direkt vor Ort zahlreiche Fahrradst\u00e4nder zur Verf\u00fcgung. Wer klimafreundlich anreisen m\u00f6chte, findet hier beste Bedingungen, um sein Rad sicher abzustellen.-<\/em><\/strong><\/p>\n<p style=\"text-align: center\"><em><strong>-Alles ist Barrierefrei erreichbar-<\/strong><\/em><\/p>\n<p>[\/vc_column_text][\/vc_column][\/vc_row][vc_row][vc_column width=&#8220;1\/2&#8243;][vc_single_image image=&#8220;174670&#8243; img_size=&#8220;500&#215;525&#8243; alignment=&#8220;right&#8220; css=&#8220;&#8220;][\/vc_column][vc_column width=&#8220;1\/2&#8243;][vc_message message_box_color=&#8220;grey&#8220; icon_fontawesome=&#8220;fa fa-solid fa-dollar-sign&#8220; css=&#8220;&#8220;]<\/p>\n<h2><strong>Unterkunft<\/strong><\/h2>\n<p><em>F\u00fcr eine bequeme \u00dcbernachtung am Tag unseres Events im Hotel Savoyen.<\/em><\/p>\n<p><em>Buchen Sie jetzt Ihr Zimmer mit nur wenigen Klicks!<\/em><\/p>\n<p><strong>Hotel Savoyen<\/strong><\/p>\n<p>Adresse: Rennweg 16, 1030 Wien<\/p>\n<div class=\"wpb_text_column wpb_content_element \">\n<div class=\"wpb_wrapper\">\n<p>Zimmer (2 Personen): 134,10\u20ac \/pro Nacht<\/p>\n<p>Zimmer (4 Personen): 234\u20ac \/pro Nacht<\/p>\n<\/div>\n<\/div>\n<p>[\/vc_message][\/vc_column][vc_column]<style type=\"text\/css\" data-type=\"the7_shortcodes-inline-css\">#default-btn-350f733c10d48ebeff0359eeb4bae440.ico-right-side > i {\n  margin-right: 0px;\n  margin-left: 8px;\n}\n#default-btn-350f733c10d48ebeff0359eeb4bae440 > i {\n  margin-right: 8px;\n}\n<\/style><div class=\"btn-align-center\"><a href=\"https:\/\/www.austria-trend.at\/de\/hotels\/savoyen\" class=\"default-btn-shortcode dt-btn dt-btn-l link-hover-off \" target=\"_blank\" id=\"default-btn-350f733c10d48ebeff0359eeb4bae440\" style=\"width:300px;\" rel=\"noopener\"><span>Buche jetzt!<\/span><\/a><\/div>[vc_empty_space][\/vc_column][\/vc_row][vc_row][vc_column][vc_column_text css=&#8220;&#8220;]<\/p>\n<h1>FAQ &#8211; H\u00e4ufig gefragte Fragen beantwortet<\/h1>\n<p>[\/vc_column_text][vc_toggle title=&#8220;Wie komme ich \u00f6ffentlich zu den Veranstaltungen?&#8220; css=&#8220;&#8220;]<span data-olk-copy-source=\"MessageBody\">Erreichbar ist das Hotel Savoyen mithilfe mehrerer \u00f6ffentlichen Verkehrsmittel \u00fcber die Station Rennweg mit mehreren S-Bahnen sowie den Stra\u00dfenbahnen O,1 und 71.<\/span>[\/vc_toggle][vc_toggle title=&#8220;Ist die Veranstaltung barrierefrei?&#8220; css=&#8220;&#8220;]<span lang=\"de-DE\" data-contrast=\"auto\"><span data-olk-copy-source=\"MessageBody\">Ja. Das gesamte Hotel ist barrierefrei. Schreiben Sie uns bitte ein <\/span>Email, wenn wir f\u00fcr Sie einen Rollstuhlplatz vorsehen sollen.<\/span><span lang=\"de-AT\" data-contrast=\"auto\">\u202f<\/span><span data-ccp-props=\"{}\">\u00a0<\/span>[\/vc_toggle][vc_toggle title=&#8220;Ist ein Parkhaus vorhanden und ist dies schon im Ticket inkludiert?&#8220; css=&#8220;&#8220;]<span lang=\"de-DE\" data-contrast=\"auto\" data-olk-copy-source=\"MessageBody\">Ein Parkhaus ist vorhanden, jedoch ist dieser Preis nicht im Ticket inkludiert. Der Preis f\u00fcr das Parkticket bel\u00e4uft sich auf xxx EUR<\/span><span lang=\"de-AT\" data-contrast=\"auto\">\u202f<\/span><span data-ccp-props=\"{}\">\u00a0<\/span>[\/vc_toggle][vc_toggle title=&#8220;Wann ist der geplante Einlass der Veranstaltungen?&#8220; css=&#8220;&#8220;]<\/p>\n<div>\n<p><span lang=\"de-DE\" data-contrast=\"auto\"><span data-olk-copy-source=\"MessageBody\">Freitag: <\/span>Kultur.Dinner.B\u00fchne: Sie k\u00f6nnen ab 17:00 Uhr im Foyer einen Aperitif einnehmen. \u202f17:30 Uhr Saaleinlass.<\/span><span lang=\"de-AT\" data-contrast=\"auto\">\u202f<\/span><span data-ccp-props=\"{}\">\u00a0<\/span><\/p>\n<\/div>\n<div>\n<p><span lang=\"de-DE\" data-contrast=\"auto\">Samstag: Tributekonzert: Sie k\u00f6nnen ab 10:00 Uhr eine Erfrischung im Foyer einnehmen. 10:30 Uhr Saaleinlass\u202f<\/span><span data-ccp-props=\"{}\">\u00a0<\/span><\/p>\n<\/div>\n<p>[\/vc_toggle][vc_toggle title=&#8220;Wann enden die Veranstaltungen?&#8220; css=&#8220;&#8220;]<\/p>\n<div>\n<p><span lang=\"de-DE\" data-contrast=\"auto\"><span data-olk-copy-source=\"MessageBody\">Freitag: <\/span>Kultur.Dinner.B\u00fchne: 21:30 Uhr<\/span><span lang=\"de-AT\" data-contrast=\"auto\">\u202f<\/span><span data-ccp-props=\"{}\">\u00a0<\/span><\/p>\n<\/div>\n<div>\n<p><span lang=\"de-DE\" data-contrast=\"auto\">Samstag: Tributekonzert: 13:30 Uhr\u202f<\/span><span data-ccp-props=\"{}\">\u00a0<\/span><\/p>\n<\/div>\n<p>[\/vc_toggle][vc_toggle title=&#8220;Gibt es einen vorhandenen Raucherbereich?&#8220; css=&#8220;&#8220;]<span lang=\"de-DE\" data-contrast=\"auto\"><span data-olk-copy-source=\"MessageBody\">Ja, es wird eigene gekennzeichnete Bereiche geben<\/span>.<\/span><span data-ccp-props=\"{}\">\u00a0<\/span>[\/vc_toggle][vc_toggle title=&#8220;Wie kann man den Promocode entwerten?&#8220; css=&#8220;&#8220;]<span lang=\"de-DE\" data-contrast=\"auto\"><span data-olk-copy-source=\"MessageBody\">Website auf <\/span>Oeticket &#8211;&gt; Theaterhotel \u2013 Tribute to Otto Tausig &#8211;&gt; Ticketverkauf &#8211;&gt; Sonderaktion ausw\u00e4hlen\u202f<\/span><span lang=\"de-AT\" data-contrast=\"auto\">\u202f<\/span><span data-ccp-props=\"{}\">\u00a0<\/span>[\/vc_toggle][vc_toggle title=&#8220;Sind Hunde zur Veranstaltung erlaubt?&#8220; css=&#8220;&#8220;]<span lang=\"de-DE\" data-contrast=\"auto\"><span data-olk-copy-source=\"MessageBody\">Leider k\u00f6nnen wir Vierbeiner nicht als G\u00e4ste im Theaterhotel begr\u00fc\u00dfen. Ausnahmen w\u00e4ren Assistenzhunde. In diesem Fall bitten wir Sie, uns vorab zu kontaktieren<\/span>.<\/span><span data-ccp-props=\"{&quot;134233117&quot;:false,&quot;134233118&quot;:false,&quot;201341983&quot;:0,&quot;335551550&quot;:1,&quot;335551620&quot;:1,&quot;335559685&quot;:0,&quot;335559737&quot;:0,&quot;335559738&quot;:0,&quot;335559739&quot;:160,&quot;335559740&quot;:278}\">\u00a0<\/span>[\/vc_toggle][vc_toggle title=&#8220;Gibt es eine Garderobe? Wo ist sie zu finden?&#8220; css=&#8220;&#8220;]<span lang=\"de-DE\" data-contrast=\"auto\" data-olk-copy-source=\"MessageBody\">Ja, diese befindet sich unter der Lobby im ersten Untergescho\u00df\u202f<\/span><span lang=\"de-AT\" data-contrast=\"auto\">\u202f<\/span><span data-ccp-props=\"{}\">\u00a0<\/span>[\/vc_toggle][vc_toggle title=&#8220;Darf man Handtaschen \/Rucks\u00e4cke mit in den Saal nehmen?&#8220; css=&#8220;&#8220;]<span lang=\"de-DE\" data-contrast=\"auto\"><span data-olk-copy-source=\"MessageBody\">Kleine Handtasche d\u00fcrfen behalten werden,<\/span> auf\u00a0Rucks\u00e4cke, Koffer oder andere gr\u00f6\u00dfere Gep\u00e4ckst\u00fccke passen wir gerne in der Garderobe auf. <\/span><span lang=\"de-AT\" data-contrast=\"auto\">\u202f<\/span><span data-ccp-props=\"{}\">\u00a0<\/span>[\/vc_toggle][vc_toggle title=&#8220;Ist die Garderobe kostenpflichtig?&#8220; css=&#8220;&#8220;]<span lang=\"de-DE\" data-contrast=\"auto\" data-olk-copy-source=\"MessageBody\">Nein, die Garderobe ist im Ticketpreis inkludiert.<\/span><span data-ccp-props=\"{&quot;134233117&quot;:false,&quot;134233118&quot;:false,&quot;201341983&quot;:0,&quot;335551550&quot;:1,&quot;335551620&quot;:1,&quot;335559685&quot;:0,&quot;335559737&quot;:0,&quot;335559738&quot;:0,&quot;335559739&quot;:160,&quot;335559740&quot;:278}\">\u00a0<\/span>[\/vc_toggle][vc_toggle title=&#8220;Wie viel Kosten die Modul Lounge?&#8220; css=&#8220;&#8220;]<span lang=\"de-DE\" data-contrast=\"auto\"><span data-olk-copy-source=\"MessageBody\">Das Upgrade kostet 2<\/span>2\u20ac<\/span><span lang=\"de-AT\" data-contrast=\"auto\">\u202f<\/span><span data-ccp-props=\"{}\">\u00a0<\/span>[\/vc_toggle][vc_toggle title=&#8220;Was genau ist in der Modul Lounge inkludiert?&#8220; css=&#8220;&#8220;]<span lang=\"de-DE\" data-contrast=\"auto\"><span data-olk-copy-source=\"MessageBody\">In der Pause beim Tribute Konzert am Samstag, k\u00f6nnen Sie die Modul Lounge zubuchen und werden <\/span>mit alkoholischen und antialkoholischen Getr\u00e4nken und kleinen Snacks verw\u00f6hnt. <\/span><span data-ccp-props=\"{}\">\u00a0<\/span>[\/vc_toggle][\/vc_column][\/vc_row]<\/p>\n<\/div>","protected":false},"excerpt":{"rendered":"<p>[vc_row][vc_column][vc_cta h2=&#8220;Informationen&#8220; h4=&#8220;Anfahrt, Unternkunft und FAQ&#8220; txt_align=&#8220;center&#8220; css=&#8220;&#8220;][\/vc_cta][vc_raw_html css=&#8220;&#8220;]JTNDaWZyYW1lJTIwd2lkdGglM0QlMjIxMDAlMjUlMjIlMjBoZWlnaHQlM0QlMjIzNTAlMjIlMjBzcmMlM0QlMjJodHRwcyUzQSUyRiUyRnd3dy5vcGVuc3RyZWV0bWFwLm9yZyUyRmV4cG9ydCUyRmVtYmVkLmh0bWwlM0ZiYm94JTNEMTYuMzgzMTg3NDcyODIwMjg2JTI1MkM0OC4xOTM5MTk0ODgyNjU2NiUyNTJDMTYuMzg0OTczODI0MDI0MjA0JTI1MkM0OC4xOTUzOTQ1NjAwOTQzNjQlMjZhbXAlM0JsYXllciUzRG1hcG5payUyNmFtcCUzQm1hcmtlciUzRDQ4LjE5NDY1NzAyOTQ4ODE3JTI1MkMxNi4zODQwODA2NDg0MjIyNCUyMiUyMHN0eWxlJTNEJTIyYm9yZGVyJTNBJTIwMXB4JTIwc29saWQlMjBibGFjayUyMiUzRSUzQyUyRmlmcmFtZSUzRSUzQ2JyJTJGJTNFJTNDc21hbGwlM0UlM0NhJTIwaHJlZiUzRCUyMmh0dHBzJTNBJTJGJTJGd3d3Lm9wZW5zdHJlZXRtYXAub3JnJTJGJTNGbWxhdCUzRDQ4LjE5NDY1NyUyNmFtcCUzQm1sb24lM0QxNi4zODQwODElMjNtYXAlM0QxOSUyRjQ4LjE5NDY1NyUyRjE2LjM4NDA4MSUyMiUzRUdyJUMzJUI2JUMzJTlGZXJlJTIwS2FydGUlMjBhbnplaWdlbiUzQyUyRmElM0UlM0MlMkZzbWFsbCUzRQ==[\/vc_raw_html][vc_column_text css=&#8220;&#8220;]Adresse: Rennweg 16, 1030 Wien \u00d6sterreich Anfahrt: S-Bahn: S1, S2, S3, S4 und S7 Stra\u00dfenbahn: Linie 71, Linie 1, Linie O Bus: 4A, 77A und N71[\/vc_column_text][vc_single_image image=&#8220;174709&#8243; img_size=&#8220;600&#215;300&#8243; alignment=&#8220;center&#8220; css=&#8220;&#8220;][vc_column_text css=&#8220;&#8220;] Quelle \/ \u00a9\u00a0FahrradWien.at \u2014\u2014\u2014\u2014\u2014\u2014\u2014\u2014- -F\u00fcr das Event stehen direkt vor Ort zahlreiche Fahrradst\u00e4nder zur Verf\u00fcgung.&hellip;<\/p>\n","protected":false},"author":2,"featured_media":0,"parent":0,"menu_order":0,"comment_status":"closed","ping_status":"closed","template":"","meta":{"footnotes":""},"class_list":["post-174421","page","type-page","status-publish","hentry","description-off"],"_links":{"self":[{"href":"https:\/\/www.dastheaterhotel.at\/event\/wp-json\/wp\/v2\/pages\/174421","targetHints":{"allow":["GET"]}}],"collection":[{"href":"https:\/\/www.dastheaterhotel.at\/event\/wp-json\/wp\/v2\/pages"}],"about":[{"href":"https:\/\/www.dastheaterhotel.at\/event\/wp-json\/wp\/v2\/types\/page"}],"author":[{"embeddable":true,"href":"https:\/\/www.dastheaterhotel.at\/event\/wp-json\/wp\/v2\/users\/2"}],"replies":[{"embeddable":true,"href":"https:\/\/www.dastheaterhotel.at\/event\/wp-json\/wp\/v2\/comments?post=174421"}],"version-history":[{"count":24,"href":"https:\/\/www.dastheaterhotel.at\/event\/wp-json\/wp\/v2\/pages\/174421\/revisions"}],"predecessor-version":[{"id":174745,"href":"https:\/\/www.dastheaterhotel.at\/event\/wp-json\/wp\/v2\/pages\/174421\/revisions\/174745"}],"wp:attachment":[{"href":"https:\/\/www.dastheaterhotel.at\/event\/wp-json\/wp\/v2\/media?parent=174421"}],"curies":[{"name":"wp","href":"https:\/\/api.w.org\/{rel}","templated":true}]}}