{"id":51918,"date":"2017-04-25T09:51:58","date_gmt":"2017-04-25T09:51:58","guid":{"rendered":"https:\/\/www.dastheaterhotel.at\/?page_id=51918"},"modified":"2025-10-17T09:19:07","modified_gmt":"2025-10-17T07:19:07","slug":"guter-zweck","status":"publish","type":"page","link":"https:\/\/www.dastheaterhotel.at\/event\/theaterhotel\/guter-zweck\/","title":{"rendered":"Guter Zweck"},"content":{"rendered":"<div class=\"wpb-content-wrapper\"><p>[vc_row equal_height=&#8220;yes&#8220; content_placement=&#8220;top&#8220; bg_type=&#8220;bg_color&#8220; bg_override=&#8220;ex-full&#8220; type=&#8220;vc_default&#8220; css=&#8220;.vc_custom_1492534949775{padding-top: 70px !important;padding-bottom: 40px !important;}&#8220; bg_color_value=&#8220;rgba(255,255,255,0.1)&#8220;][vc_column]<div id=\"ultimate-heading-194869ea517ad7876\" class=\"uvc-heading ult-adjust-bottom-margin ultimate-heading-194869ea517ad7876 uvc-990 accent-border-color color-title\" data-hspacer=\"line_only\"  data-halign=\"center\" style=\"text-align:center\"><div class=\"uvc-main-heading ult-responsive\"  data-ultimate-target='.uvc-heading.ultimate-heading-194869ea517ad7876 h2'  data-responsive-json-new='{\"font-size\":\"desktop:30px;\",\"line-height\":\"desktop:40px;\"}' ><h2 style=\"font-weight:bold;margin-bottom:10px;\">Warum Spendenfokus Indien?<\/h2><\/div><div class=\"uvc-heading-spacer line_only\" style=\"margin-bottom:55px;height:3px;\"><span class=\"uvc-headings-line\" style=\"border-style:solid;border-bottom-width:3px;border-color:#ccc;width:100px;\"><\/span><\/div><\/div>[\/vc_column][vc_column width=&#8220;2\/3&#8243; offset=&#8220;vc_col-lg-offset-0 vc_col-lg-6 vc_col-md-offset-0 vc_col-md-6 vc_col-sm-offset-2 vc_col-xs-12&#8243; css=&#8220;.vc_custom_1476220031159{padding-bottom: 15px !important;}&#8220;]<div id=\"ultimate-heading-145869ea517ad78c1\" class=\"uvc-heading ult-adjust-bottom-margin ultimate-heading-145869ea517ad78c1 uvc-9657 \" data-hspacer=\"no_spacer\"  data-halign=\"left\" style=\"text-align:left\"><div class=\"uvc-heading-spacer no_spacer\" style=\"top\"><\/div><div class=\"uvc-main-heading ult-responsive\"  data-ultimate-target='.uvc-heading.ultimate-heading-145869ea517ad78c1 h2'  data-responsive-json-new='{\"font-size\":\"desktop:18px;\",\"line-height\":\"desktop:28px;\"}' ><h2 style=\"font-weight:bold;margin-bottom:20px;\">Bei den Dreharbeiten zu \u201eIndian Nocturne\u201c ist der Schauspieler Otto Tausig mit dem unermesslichen Leid der Menschen auf den Stra\u00dfen der Millionenmetropolen des Subkontinents konfrontiert gewesen.<\/h2><\/div><\/div>[vc_column_text css=&#8220;&#8220;]\u201eWir tun f\u00fcr diese armen Menschen viel zu wenig, wir haben diese Menschen, fernab der Wohlstandszentren viel zu wenig am Radar\u201c so Otto Tausig. Multiple Krisen, eine erschreckende Zunahme von Konflikten und Kriegen, die Einschl\u00e4ge von Klimakatastrophen an vielen Orten, die Zunahme des religi\u00f6sen Fanatismus stellen die Welt auf eine harte Probe.<\/p>\n<p>Im Juni 2012 waren Vertreter der indischen Organisation&nbsp;<a href=\"http:\/\/www.vroindia.org\/\">VRO<\/a>&nbsp;(Village&nbsp; Reconstruction Organisaction) zu Besuch in Wien. In Absprache mit Vertreter\/innen des&nbsp;Otto Tausig Fonds&nbsp;und des&nbsp;<a href=\"http:\/\/www.eh-klub.at\/\">\u00d6sterreichischen Entwicklungshilfeklubs<\/a> haben wir den Beschluss gefasst, mit der 6. Hotel\u00fcbernahme am 16.02.2013 auch Projekte der VRO in Indien zu unterst\u00fctzen.<\/p>\n<p>Das Theaterhotel ist mit Bescheid des Finanzamtes per 12\/2013 r\u00fcckwirkend als gemeinn\u00fctziger Verein anerkannt.<\/p>\n<p><a href=\"https:\/\/de.wikipedia.org\/wiki\/Otto_Tausig\" target=\"_blank\" rel=\"noopener\">Otto Tausig (Wikipedia)<\/a><\/p>\n<p><a href=\"https:\/\/letterboxd.com\/film\/nocturne-indien\/\" target=\"_blank\" rel=\"noopener\">Nocturne Indien<\/a>[\/vc_column_text][\/vc_column][vc_column width=&#8220;2\/3&#8243; offset=&#8220;vc_col-lg-offset-0 vc_col-lg-6 vc_col-md-offset-0 vc_col-md-6 vc_col-sm-offset-2 vc_col-xs-12&#8243;][vc_single_image image=&#8220;174045&#8243; img_size=&#8220;full&#8220; alignment=&#8220;center&#8220; css_animation=&#8220;fadeIn&#8220; css=&#8220;.vc_custom_1731340375966{margin-right: -10px !important;margin-left: -10px !important;padding-top: 10px !important;padding-bottom: 20px !important;}&#8220; lazy_loading=&#8220;true&#8220;][\/vc_column][\/vc_row][vc_row equal_height=&#8220;yes&#8220; content_placement=&#8220;top&#8220; bg_type=&#8220;bg_color&#8220; bg_override=&#8220;ex-full&#8220; type=&#8220;vc_default&#8220; css=&#8220;.vc_custom_1478511531298{padding-top: 70px !important;padding-bottom: 40px !important;}&#8220; bg_color_value=&#8220;rgba(183,191,199,0.1)&#8220;][vc_column]<div id=\"ultimate-heading-96569ea517ad78f5\" class=\"uvc-heading ult-adjust-bottom-margin ultimate-heading-96569ea517ad78f5 uvc-343 accent-border-color color-title\" data-hspacer=\"line_only\"  data-halign=\"center\" style=\"text-align:center\"><div class=\"uvc-main-heading ult-responsive\"  data-ultimate-target='.uvc-heading.ultimate-heading-96569ea517ad78f5 h2'  data-responsive-json-new='{\"font-size\":\"desktop:30px;\",\"line-height\":\"desktop:40px;\"}' ><h2 style=\"font-weight:bold;margin-bottom:10px;\">Kooperation mit VRO<\/h2><\/div><div class=\"uvc-heading-spacer line_only\" style=\"margin-bottom:55px;height:3px;\"><span class=\"uvc-headings-line\" style=\"border-style:solid;border-bottom-width:3px;border-color:#ccc;width:100px;\"><\/span><\/div><\/div>[\/vc_column][vc_column width=&#8220;2\/3&#8243; offset=&#8220;vc_col-lg-offset-0 vc_col-lg-6 vc_col-md-offset-0 vc_col-md-6 vc_col-sm-offset-2 vc_col-xs-12&#8243;][vc_single_image image=&#8220;174048&#8243; img_size=&#8220;560 \u00d7 326&#8243; alignment=&#8220;center&#8220; css_animation=&#8220;fadeIn&#8220; css=&#8220;.vc_custom_1731340490930{margin-right: -10px !important;margin-left: -10px !important;padding-top: 10px !important;padding-bottom: 20px !important;}&#8220; lazy_loading=&#8220;true&#8220;][\/vc_column][vc_column width=&#8220;2\/3&#8243; offset=&#8220;vc_col-lg-offset-0 vc_col-lg-6 vc_col-md-offset-0 vc_col-md-6 vc_col-sm-offset-2 vc_col-xs-12&#8243; css=&#8220;.vc_custom_1476220031159{padding-bottom: 15px !important;}&#8220;]<div id=\"ultimate-heading-99369ea517ad791b\" class=\"uvc-heading ult-adjust-bottom-margin ultimate-heading-99369ea517ad791b uvc-4709 \" data-hspacer=\"no_spacer\"  data-halign=\"left\" style=\"text-align:left\"><div class=\"uvc-heading-spacer no_spacer\" style=\"top\"><\/div><div class=\"uvc-main-heading ult-responsive\"  data-ultimate-target='.uvc-heading.ultimate-heading-99369ea517ad791b h2'  data-responsive-json-new='{\"font-size\":\"desktop:18px;\",\"line-height\":\"desktop:28px;\"}' ><h2 style=\"font-weight:bold;margin-bottom:20px;\">Die \u201eVillage Reconstruction Organisation\u201c hat es sich schon seit 1971 zur Aufgabe gemacht, Menschen aus den sozial schw\u00e4chsten Schichten zu helfen. Die Zusammenarbeit mit dem Entwicklungshilfeklub (seit 1981), erm\u00f6glichte bis jetzt den Bau von mehr als 95 D\u00f6rfern in Indien.<\/h2><\/div><\/div>[vc_column_text css=&#8220;.vc_custom_1731340621275{padding-bottom: 20px !important;}&#8220;]Die VRO-Idee: Die Errichtung von H\u00e4user- und Dorfgemeinschaften unter der Mithilfe von Menschen, die dort einziehen werden. Neben der Ab-sicherung des existentiellen Bed\u00fcrfnis \u201eWohnen\u201c steht die angemessene<br \/>\nAusbildung der Kinder im Zentrum. Nie geht das ohne einer gelebten Toleranz in religi\u00f6sen Fragen. Menschen ohne religi\u00f6sem Bekenntnis haben in einem VRO -Dorf ebenso Ihren Platz wie Menschen aus der untersten sozialen Schicht Indiens, die Dalids.[\/vc_column_text][\/vc_column][\/vc_row][vc_row equal_height=&#8220;yes&#8220; content_placement=&#8220;top&#8220; bg_type=&#8220;bg_color&#8220; bg_override=&#8220;ex-full&#8220; type=&#8220;vc_default&#8220; css=&#8220;.vc_custom_1493719938300{padding-top: 10px !important;padding-bottom: 40px !important;}&#8220; bg_color_value=&#8220;rgba(183,191,199,0.1)&#8220;][vc_column][vc_row_inner][vc_column_inner width=&#8220;2\/3&#8243; css=&#8220;.vc_custom_1493719085043{padding-bottom: 40px !important;}&#8220; offset=&#8220;vc_col-lg-offset-0 vc_col-lg-12 vc_col-md-offset-0 vc_col-md-12 vc_col-sm-offset-0&#8243;]<div class=\"hr-thin style-line accent-border-color\" style=\"width: 100%;border-top-width: 3px;\"><\/div>[vc_column_text css=&#8220;.vc_custom_1493719347854{padding-top: 20px !important;padding-bottom: 20px !important;}&#8220;]<\/p>\n<h4 style=\"text-align: center\">&#8222;Wenn ihr alles verloren habt, bleiben euch noch zwei Dinge: eure H\u00e4nde und eure Nachbarn.&#8220;<\/h4>\n<p style=\"text-align: center\"><em>\u2014\u00a0Pater Michael Windey, Gr\u00fcnder der VRO<\/em><\/p>\n<p>[\/vc_column_text]<div class=\"hr-thin style-line accent-border-color\" style=\"width: 100%;border-top-width: 3px;\"><\/div>[\/vc_column_inner][\/vc_row_inner][\/vc_column][\/vc_row][vc_row equal_height=&#8220;yes&#8220; content_placement=&#8220;top&#8220; bg_type=&#8220;bg_color&#8220; bg_override=&#8220;ex-full&#8220; type=&#8220;vc_default&#8220; css=&#8220;.vc_custom_1492534949775{padding-top: 70px !important;padding-bottom: 40px !important;}&#8220; bg_color_value=&#8220;rgba(255,255,255,0.1)&#8220;][vc_column]<div id=\"ultimate-heading-682069ea517ad795b\" class=\"uvc-heading ult-adjust-bottom-margin ultimate-heading-682069ea517ad795b uvc-3632 accent-border-color color-title\" data-hspacer=\"line_only\"  data-halign=\"center\" style=\"text-align:center\"><div class=\"uvc-main-heading ult-responsive\"  data-ultimate-target='.uvc-heading.ultimate-heading-682069ea517ad795b h2'  data-responsive-json-new='{\"font-size\":\"desktop:30px;\",\"line-height\":\"desktop:40px;\"}' ><h2 style=\"font-weight:bold;margin-bottom:10px;\">Erreichte Ziele<\/h2><\/div><div class=\"uvc-heading-spacer line_only\" style=\"margin-bottom:55px;height:3px;\"><span class=\"uvc-headings-line\" style=\"border-style:solid;border-bottom-width:3px;border-color:#ccc;width:100px;\"><\/span><\/div><\/div>[\/vc_column][vc_column width=&#8220;2\/3&#8243; offset=&#8220;vc_col-lg-offset-0 vc_col-lg-6 vc_col-md-offset-0 vc_col-md-6 vc_col-sm-offset-2 vc_col-xs-12&#8243; css=&#8220;.vc_custom_1476220031159{padding-bottom: 15px !important;}&#8220;]<div id=\"ultimate-heading-395069ea517ad797c\" class=\"uvc-heading ult-adjust-bottom-margin ultimate-heading-395069ea517ad797c uvc-7791 \" data-hspacer=\"no_spacer\"  data-halign=\"left\" style=\"text-align:left\"><div class=\"uvc-heading-spacer no_spacer\" style=\"top\"><\/div><div class=\"uvc-main-heading ult-responsive\"  data-ultimate-target='.uvc-heading.ultimate-heading-395069ea517ad797c h2'  data-responsive-json-new='{\"font-size\":\"desktop:18px;\",\"line-height\":\"desktop:28px;\"}' ><h2 style=\"font-weight:bold;margin-bottom:20px;\">Das Theaterhotel konnte in den Jahren 2007 \u2013 2024:<\/h2><\/div><\/div>[vc_column_text css=&#8220;.vc_custom_1758297432548{padding-bottom: 20px !important;}&#8220;]<\/p>\n<ul>\n<li>mehr als 15.000 G\u00e4ste im Hotel Savoyen Vienna begr\u00fc\u00dfen<\/li>\n<li>mehr als 1.700 Jugendlichen die Chance geben, sich in allen erdenklichen Hotelpositionen zu bew\u00e4hren<\/li>\n<li>mehr als 200 gro\u00dfartige K\u00fcnstler im B\u00fchnenprogramm bestaunen<\/li>\n<li>\u00fcber das Theaterhotel wurde in vielen Medienberichten erz\u00e4hlt<\/li>\n<li>unvergessliche Konzerterlebnisse mit Willi Resetarits &amp; Stubnblues, Neuwirth Extrem Schrammel, eine Premierenkonzert mit Konstantin Wecker und dem Orchester der M\u00fcnchner Staatsoper, Mehrfachauftritte von Karl Markovics, Erwin Steinhauer, Mercedes Echerer, Michael Dangl, Cornelius Obonya, Paul Gulda, das Orchester SUPERAR und Pippo Pollina &amp; das Palermo Arkustic Quintett u.v.a.m.<\/li>\n<li>mehr als 580.000,00 EUR Netto-Spenden f\u00fcr soziale Zwecke<\/li>\n<\/ul>\n<p>Was am meisten z\u00e4hlt?<\/p>\n<p>Die gro\u00dfe Sinnstiftung in einer 5 j\u00e4hrigen Ausbildung: heute 25, 30 j\u00e4hrige Absolventen berichten:<\/p>\n<p>\u201e<b>Ich habe 2009, 2015, 2020&#8230; maturiert: Aber meine\/die Reifepru\u0308fung unseres Jahrganges war die Organisation und Durchfu\u0308hrung des Theaterhotels.\u201c <\/b><\/p>\n<p>Was mich als Lehrer freut: Die dTH- Jugend, hat die Haltung, das Engagement, die Zielstrebigkeit aus einer engagierten Schulzeit in das Studium, den Berufseinstieg bis hinein in die Gestaltung der privaten Lebensentwu\u0308rfe mitgenommen.<\/p>\n<p>&nbsp;[\/vc_column_text][\/vc_column][vc_column width=&#8220;2\/3&#8243; offset=&#8220;vc_col-lg-offset-0 vc_col-lg-6 vc_col-md-offset-0 vc_col-md-6 vc_col-sm-offset-2 vc_col-xs-12&#8243;][vc_single_image image=&#8220;52104&#8243; img_size=&#8220;560 \u00d7 326&#8243; alignment=&#8220;center&#8220; css_animation=&#8220;fadeIn&#8220; css=&#8220;.vc_custom_1493721053780{margin-right: -10px !important;margin-left: -10px !important;padding-top: 10px !important;padding-bottom: 20px !important;}&#8220; lazy_loading=&#8220;true&#8220;][vc_single_image image=&#8220;52089&#8243; img_size=&#8220;560 \u00d7 326&#8243; alignment=&#8220;center&#8220; css_animation=&#8220;fadeIn&#8220; css=&#8220;.vc_custom_1493721068554{margin-right: -10px !important;margin-left: -10px !important;padding-top: 10px !important;padding-bottom: 20px !important;}&#8220; lazy_loading=&#8220;true&#8220;][\/vc_column][\/vc_row][vc_row full_width=&#8220;stretch_row_content_no_spaces&#8220; bg_type=&#8220;bg_color&#8220; bg_override=&#8220;ex-full&#8220; type=&#8220;vc_default&#8220; full_width_padding_left=&#8220;40&#8243; full_width_padding_right=&#8220;40&#8243; full_width_margin_top=&#8220;0&#8243; full_width_margin_bottom=&#8220;0&#8243; bg_color_value=&#8220;rgba(183,191,199,0.1)&#8220; css=&#8220;.vc_custom_1493719680199{padding-top: 70px !important;padding-bottom: 75px !important;background-color: #ffffff !important;}&#8220;][vc_column width=&#8220;5\/6&#8243; offset=&#8220;vc_col-lg-offset-3 vc_col-lg-6 vc_col-md-offset-2 vc_col-md-8 vc_col-sm-offset-1&#8243;]<div id=\"ultimate-heading-560069ea517ad79a1\" class=\"uvc-heading ult-adjust-bottom-margin ultimate-heading-560069ea517ad79a1 uvc-5607 accent-border-color color-title\" data-hspacer=\"line_only\"  data-halign=\"center\" style=\"text-align:center\"><div class=\"uvc-main-heading ult-responsive\"  data-ultimate-target='.uvc-heading.ultimate-heading-560069ea517ad79a1 h2'  data-responsive-json-new='{\"font-size\":\"desktop:30px;\",\"line-height\":\"desktop:40px;\"}' ><h2 style=\"font-weight:bold;margin-bottom:10px;\">Projektbesuch VRO Benjamin Schedl<\/h2><\/div><div class=\"uvc-heading-spacer line_only\" style=\"topheight:3px;\"><span class=\"uvc-headings-line\" style=\"border-style:solid;border-bottom-width:3px;border-color:#ccc;width:100px;\"><\/span><\/div><\/div>[vc_column_text css=&#8220;.vc_custom_1493757674242{padding-top: 50px !important;padding-right: 20px !important;padding-bottom: 50px !important;padding-left: 20px !important;}&#8220;]<\/p>\n<p style=\"text-align: center\">2013 war Benjamin Schedl im Direktionsteam von \u201edTH\u201c. Nach Ablegung der Reifepr\u00fcfung besuchte Benjamin das Dorfbauprojekt der VRO in Andhra Pradesh. Was der ehemalige Theaterhotel-Direktor Benjamin Schedl gemeinsam mit <a href=\"http:\/\/www.ludwigschedl.com\/\">Theaterhotel-Fotograf Ludwig Schedl<\/a> w\u00e4hrend dieser Zeit erlebt hat, sehen Sie hier als virtuelle Reise nach Indien.<\/p>\n<p>[\/vc_column_text][\/vc_column][vc_column][\/vc_column][\/vc_row]<\/p>\n<\/div>","protected":false},"excerpt":{"rendered":"<p>[vc_row equal_height=&#8220;yes&#8220; content_placement=&#8220;top&#8220; bg_type=&#8220;bg_color&#8220; bg_override=&#8220;ex-full&#8220; type=&#8220;vc_default&#8220; css=&#8220;.vc_custom_1492534949775{padding-top: 70px !important;padding-bottom: 40px !important;}&#8220; bg_color_value=&#8220;rgba(255,255,255,0.1)&#8220;][vc_column][\/vc_column][vc_column width=&#8220;2\/3&#8243; offset=&#8220;vc_col-lg-offset-0 vc_col-lg-6 vc_col-md-offset-0 vc_col-md-6 vc_col-sm-offset-2 vc_col-xs-12&#8243; css=&#8220;.vc_custom_1476220031159{padding-bottom: 15px !important;}&#8220;][vc_column_text css=&#8220;&#8220;]\u201eWir tun f\u00fcr diese armen Menschen viel zu wenig, wir haben diese Menschen, fernab der Wohlstandszentren viel zu wenig am Radar\u201c so Otto Tausig. Multiple Krisen, eine erschreckende Zunahme von Konflikten und Kriegen,&hellip;<\/p>\n","protected":false},"author":2,"featured_media":0,"parent":32085,"menu_order":74,"comment_status":"closed","ping_status":"closed","template":"","meta":{"footnotes":""},"class_list":["post-51918","page","type-page","status-publish","hentry","description-off"],"_links":{"self":[{"href":"https:\/\/www.dastheaterhotel.at\/event\/wp-json\/wp\/v2\/pages\/51918","targetHints":{"allow":["GET"]}}],"collection":[{"href":"https:\/\/www.dastheaterhotel.at\/event\/wp-json\/wp\/v2\/pages"}],"about":[{"href":"https:\/\/www.dastheaterhotel.at\/event\/wp-json\/wp\/v2\/types\/page"}],"author":[{"embeddable":true,"href":"https:\/\/www.dastheaterhotel.at\/event\/wp-json\/wp\/v2\/users\/2"}],"replies":[{"embeddable":true,"href":"https:\/\/www.dastheaterhotel.at\/event\/wp-json\/wp\/v2\/comments?post=51918"}],"version-history":[{"count":1,"href":"https:\/\/www.dastheaterhotel.at\/event\/wp-json\/wp\/v2\/pages\/51918\/revisions"}],"predecessor-version":[{"id":174567,"href":"https:\/\/www.dastheaterhotel.at\/event\/wp-json\/wp\/v2\/pages\/51918\/revisions\/174567"}],"up":[{"embeddable":true,"href":"https:\/\/www.dastheaterhotel.at\/event\/wp-json\/wp\/v2\/pages\/32085"}],"wp:attachment":[{"href":"https:\/\/www.dastheaterhotel.at\/event\/wp-json\/wp\/v2\/media?parent=51918"}],"curies":[{"name":"wp","href":"https:\/\/api.w.org\/{rel}","templated":true}]}}