{"id":51919,"date":"2017-04-25T09:52:25","date_gmt":"2017-04-25T09:52:25","guid":{"rendered":"https:\/\/www.dastheaterhotel.at\/?page_id=51919"},"modified":"2017-04-25T09:52:25","modified_gmt":"2017-04-25T09:52:25","slug":"idee-realisierung","status":"publish","type":"page","link":"https:\/\/www.dastheaterhotel.at\/event\/idee-realisierung\/","title":{"rendered":"Idee &amp; Realisierung"},"content":{"rendered":"<div class=\"wpb-content-wrapper\"><p>[vc_row equal_height=&#8220;yes&#8220; content_placement=&#8220;top&#8220; bg_type=&#8220;bg_color&#8220; bg_override=&#8220;ex-full&#8220; type=&#8220;vc_default&#8220; css=&#8220;.vc_custom_1492534949775{padding-top: 70px !important;padding-bottom: 40px !important;}&#8220; bg_color_value=&#8220;rgba(255,255,255,0.1)&#8220;][vc_column]<div id=\"ultimate-heading-472669ea509a2a2e7\" class=\"uvc-heading ult-adjust-bottom-margin ultimate-heading-472669ea509a2a2e7 uvc-7289 accent-border-color color-title\" data-hspacer=\"line_only\"  data-halign=\"center\" style=\"text-align:center\"><div class=\"uvc-main-heading ult-responsive\"  data-ultimate-target='.uvc-heading.ultimate-heading-472669ea509a2a2e7 h2'  data-responsive-json-new='{\"font-size\":\"desktop:30px;\",\"line-height\":\"desktop:40px;\"}' ><h2 style=\"font-weight:bold;margin-bottom:10px;\">Editorial<\/h2><\/div><div class=\"uvc-heading-spacer line_only\" style=\"margin-bottom:55px;height:3px;\"><span class=\"uvc-headings-line\" style=\"border-style:solid;border-bottom-width:3px;border-color:#ccc;width:100px;\"><\/span><\/div><\/div>[\/vc_column][vc_column width=&#8220;2\/3&#8243; offset=&#8220;vc_col-lg-offset-0 vc_col-lg-6 vc_col-md-offset-0 vc_col-md-6 vc_col-sm-offset-2 vc_col-xs-12&#8243; css=&#8220;.vc_custom_1476220031159{padding-bottom: 15px !important;}&#8220;]<div id=\"ultimate-heading-987869ea509a2a31e\" class=\"uvc-heading ult-adjust-bottom-margin ultimate-heading-987869ea509a2a31e uvc-4222 \" data-hspacer=\"no_spacer\"  data-halign=\"left\" style=\"text-align:left\"><div class=\"uvc-heading-spacer no_spacer\" style=\"top\"><\/div><div class=\"uvc-main-heading ult-responsive\"  data-ultimate-target='.uvc-heading.ultimate-heading-987869ea509a2a31e h2'  data-responsive-json-new='{\"font-size\":\"desktop:18px;\",\"line-height\":\"desktop:28px;\"}' ><h2 style=\"font-weight:bold;margin-bottom:20px;\">Ich bin in einem Landwirtshaus gro\u00df geworden. Erwachsene und die Jugend haben die Erfolgsgeschichte dieses Betriebes in Zusammenarbeit geschrieben. Als Student der WU- Wien habe ich den Burgschauspieler und Friedensaktivist Otto Tausig im Juni 1981 am Betriebsgel\u00e4nde einer Panzerschmiede in Wien-Simmering kennengelernt.<\/h2><\/div><\/div>[vc_column_text css=&#8220;.vc_custom_1730793966792{padding-bottom: 20px !important;}&#8220;]Unser gemeinsamer \u00a0Widerstand gegen den Export von Kriegsmaterial nach Argentinien war an diesem Junitag 1981 vergebens. Das Erlebnis vor den Toren der Waffenschmiede in Simmering hat mich aber weiter best\u00e4rkt, Lehrer zu werden. Mit dem Ziel, meinen Sch\u00fclern solide Wirtschafts- und Fachkenntnisse zu vermitteln. Dabei aber gleichzeitig die Pers\u00f6nlichkeits- und Herzensbildung hoch zu halten. Nur so wird sich das Jugendschicksal meines Freundes Otto Tausig in Zukunft nicht wiederholen. Von 42 Familienmitgliedern haben bis zum Kriegsende nur seine Mutter und er selbst Krieg und Shoa \u00fcberlebt. 2007\/2008 haben Otto Tausig und meine Sch\u00fcler den Grundstein zur gr\u00f6\u00dften Schulcharity Europas gelegt.<\/p>\n<p>Internet: <a href=\"https:\/\/www.rosalux.de\/publikation\/id\/39650\/kein-panzer-geht-in-kriegsgebiete\" target=\"_blank\" rel=\"noopener\">www.rosalux.de\/publikation\/id\/39650\/kein-panzer-geht-in-kriegsgebiete<\/a>[\/vc_column_text][\/vc_column][vc_column width=&#8220;2\/3&#8243; offset=&#8220;vc_col-lg-offset-0 vc_col-lg-6 vc_col-md-offset-0 vc_col-md-6 vc_col-sm-offset-2 vc_col-xs-12&#8243;][vc_single_image image=&#8220;51938&#8243; img_size=&#8220;560 \u00d7 326&#8243; alignment=&#8220;center&#8220; css_animation=&#8220;fadeIn&#8220; css=&#8220;.vc_custom_1493721814923{margin-right: -10px !important;margin-left: -10px !important;padding-top: 10px !important;padding-bottom: 20px !important;}&#8220; lazy_loading=&#8220;true&#8220;][vc_column_text css=&#8220;.vc_custom_1493723145759{padding-bottom: 20px !important;}&#8220;]<\/p>\n<h4>Helmut Kuchernig<\/h4>\n<p>[\/vc_column_text][\/vc_column][\/vc_row][vc_row equal_height=&#8220;yes&#8220; content_placement=&#8220;top&#8220; bg_type=&#8220;bg_color&#8220; bg_override=&#8220;ex-full&#8220; type=&#8220;vc_default&#8220; css=&#8220;.vc_custom_1478511531298{padding-top: 70px !important;padding-bottom: 40px !important;}&#8220; bg_color_value=&#8220;rgba(183,191,199,0.1)&#8220;][vc_column]<div id=\"ultimate-heading-519769ea509a2a348\" class=\"uvc-heading ult-adjust-bottom-margin ultimate-heading-519769ea509a2a348 uvc-4397 accent-border-color color-title\" data-hspacer=\"line_only\"  data-halign=\"center\" style=\"text-align:center\"><div class=\"uvc-main-heading ult-responsive\"  data-ultimate-target='.uvc-heading.ultimate-heading-519769ea509a2a348 h2'  data-responsive-json-new='{\"font-size\":\"desktop:30px;\",\"line-height\":\"desktop:40px;\"}' ><h2 style=\"font-weight:bold;margin-bottom:10px;\">Die Idee und Realisierung<\/h2><\/div><div class=\"uvc-heading-spacer line_only\" style=\"margin-bottom:55px;height:3px;\"><span class=\"uvc-headings-line\" style=\"border-style:solid;border-bottom-width:3px;border-color:#ccc;width:100px;\"><\/span><\/div><\/div>[\/vc_column][vc_column width=&#8220;2\/3&#8243; offset=&#8220;vc_col-lg-offset-0 vc_col-lg-6 vc_col-md-offset-0 vc_col-md-6 vc_col-sm-offset-2 vc_col-xs-12&#8243;][vc_single_image image=&#8220;51862&#8243; img_size=&#8220;560 \u00d7 326&#8243; alignment=&#8220;center&#8220; css_animation=&#8220;fadeIn&#8220; css=&#8220;.vc_custom_1492532314224{margin-right: -10px !important;margin-left: -10px !important;padding-top: 10px !important;padding-bottom: 20px !important;}&#8220; lazy_loading=&#8220;true&#8220;][\/vc_column][vc_column width=&#8220;2\/3&#8243; offset=&#8220;vc_col-lg-offset-0 vc_col-lg-6 vc_col-md-offset-0 vc_col-md-6 vc_col-sm-offset-2 vc_col-xs-12&#8243; css=&#8220;.vc_custom_1476220031159{padding-bottom: 15px !important;}&#8220;]<div id=\"ultimate-heading-528269ea509a2a369\" class=\"uvc-heading ult-adjust-bottom-margin ultimate-heading-528269ea509a2a369 uvc-7732 \" data-hspacer=\"no_spacer\"  data-halign=\"left\" style=\"text-align:left\"><div class=\"uvc-heading-spacer no_spacer\" style=\"top\"><\/div><div class=\"uvc-main-heading ult-responsive\"  data-ultimate-target='.uvc-heading.ultimate-heading-528269ea509a2a369 h2'  data-responsive-json-new='{\"font-size\":\"desktop:18px;\",\"line-height\":\"desktop:28px;\"}' ><h2 style=\"font-weight:bold;margin-bottom:20px;\">\u201eDas Theaterhotel\u201c feierte am 18. 02. 2017 sein 10-Jahres-Jubil\u00e4um. Dieses Projekt findet allj\u00e4hrlich in Wien statt, 2008 als kleines Pilotprojekt im Boutique-Hotel Stadthalle, 2009 im Schlosshotel Wilhelminenberg und seit 2010 im Austria Trend Hotel Savoyen Vienna.<\/h2><\/div><\/div>[vc_column_text css=&#8220;.vc_custom_1732124439766{padding-bottom: 20px !important;}&#8220;]Alle MitarbeiterInnen des Theaterhotels sind Sch\u00fclerInnen der Wiener Wirtschafts- und Tourismusschule Bergheidengasse, auch HLTW 13. Allj\u00e4hrlich \u00fcbernehmen Teams von angehenden MaturantInnen alle Leitungspositionen eines Hotels und die damit verbundene Verantwortung. Gro\u00dfe K\u00fcnstlerInnen begeistern mit ihren Auftritten bei diesen Veranstaltungen. Entwickelt wurde die Theaterhotel-Idee im Jahr 2007 von Hotelmanagementlehrer Mag. Helmut Kuchernig-Hoffmann mit Burgschauspieler Otto Tausig.[\/vc_column_text][\/vc_column][\/vc_row][vc_row equal_height=&#8220;yes&#8220; content_placement=&#8220;top&#8220; bg_type=&#8220;bg_color&#8220; bg_override=&#8220;ex-full&#8220; type=&#8220;vc_default&#8220; css=&#8220;.vc_custom_1731485823897{padding-top: 70px !important;padding-bottom: 40px !important;}&#8220; bg_color_value=&#8220;rgba(255,255,255,0.1)&#8220; el_id=&#8220;zahlen&#8220;][vc_column]<div id=\"ultimate-heading-156769ea509a2a38d\" class=\"uvc-heading ult-adjust-bottom-margin ultimate-heading-156769ea509a2a38d uvc-8274 accent-border-color color-title\" data-hspacer=\"line_only\"  data-halign=\"center\" style=\"text-align:center\"><div class=\"uvc-main-heading ult-responsive\"  data-ultimate-target='.uvc-heading.ultimate-heading-156769ea509a2a38d h2'  data-responsive-json-new='{\"font-size\":\"desktop:30px;\",\"line-height\":\"desktop:40px;\"}' ><h2 style=\"font-weight:bold;margin-bottom:10px;\">Das Theaterhotel in Zahlen<\/h2><\/div><div class=\"uvc-heading-spacer line_only\" style=\"margin-bottom:55px;height:3px;\"><span class=\"uvc-headings-line\" style=\"border-style:solid;border-bottom-width:3px;border-color:#ccc;width:100px;\"><\/span><\/div><\/div>[\/vc_column][vc_column width=&#8220;2\/3&#8243; offset=&#8220;vc_col-lg-offset-0 vc_col-lg-6 vc_col-md-offset-0 vc_col-md-6 vc_col-sm-offset-2 vc_col-xs-12&#8243; css=&#8220;.vc_custom_1476220031159{padding-bottom: 15px !important;}&#8220;]<div id=\"ultimate-heading-799169ea509a2a3ab\" class=\"uvc-heading ult-adjust-bottom-margin ultimate-heading-799169ea509a2a3ab uvc-6837 \" data-hspacer=\"no_spacer\"  data-halign=\"left\" style=\"text-align:left\"><div class=\"uvc-heading-spacer no_spacer\" style=\"top\"><\/div><div class=\"uvc-main-heading ult-responsive\"  data-ultimate-target='.uvc-heading.ultimate-heading-799169ea509a2a3ab h2'  data-responsive-json-new='{\"font-size\":\"desktop:18px;\",\"line-height\":\"desktop:28px;\"}' ><h2 style=\"font-weight:bold;margin-bottom:20px;\">Mit einem Spendenumsatz von mehr als EUR 700.000,00 und einer Laufzeit von bisher 19 Jahren hat sich das Theaterhotel sowohl in \u00d6sterreich als auch in Europa zu einer einzigartigen Schul-Charity entwickelt. Noch ein paar Zahlen aus der Erfolgsgeschichte?<\/h2><\/div><\/div>[vc_column_text css=&#8220;.vc_custom_1758296076618{padding-bottom: 20px !important;}&#8220;]<\/p>\n<div class=\"wpb_text_column wpb_content_element vc_custom_1731485444681\">\n<div class=\"wpb_wrapper\">\n<ul>\n<li>mehr als 15.500 G\u00e4ste<\/li>\n<li>mehr als 220 Top-K\u00fcnstlerInnen auf den dTH- B\u00fchnen<\/li>\n<li>mehr als 40 KooperationspartnerInnen und LieferantInnen aus der Hotel- und Gastro-Branche<\/li>\n<li>mehr als 210 DauerspenderInnen (die BierdeckelspenderInnen) mit einem Spendenvolumen von nochmals 130.000,00 EUR f\u00fcr die VRO-Projekte<\/li>\n<li>mehr als 1.650 Jugendliche in der Planung und Umsetzung der dTH Projekte in allen Hotelfunktionen<\/li>\n<li>mehr als 170 MaturantInnen in den Leitungsteams von dTH<\/li>\n<li>mehr als 10 weitere Spendenempf\u00e4nger: u.a. SUPERAR,Volkshilfe, \u00c4rzte ohne Grenzen, Amnesty International, Erdbebenopfer in T\u00fcrkei und Syrien, Rotes Kreuz, Integrationshaus Wien, WE &amp; ME Stiftung von Str\u00f6ck u.a.m.<\/li>\n<li>viele, sehr viele strahlende Gesichter von jungen Menschen, die mir nach vielen Jahren immer noch zum Ausdruck bringen: \u201edas Theaterhotel in meiner Leitungsverantwortung, das war meine Reifepr\u00fcfung.\u201c<\/li>\n<\/ul>\n<\/div>\n<\/div>\n<p>[\/vc_column_text][\/vc_column][vc_column width=&#8220;2\/3&#8243; offset=&#8220;vc_col-lg-offset-0 vc_col-lg-6 vc_col-md-offset-0 vc_col-md-6 vc_col-sm-offset-2 vc_col-xs-12&#8243;][vc_single_image image=&#8220;174065&#8243; img_size=&#8220;560 \u00d7 326&#8243; alignment=&#8220;center&#8220; css_animation=&#8220;fadeIn&#8220; css=&#8220;.vc_custom_1731485762972{margin-right: -10px !important;margin-left: -10px !important;padding-top: 10px !important;padding-bottom: 20px !important;}&#8220; lazy_loading=&#8220;true&#8220;][vc_single_image image=&#8220;174000&#8243; img_size=&#8220;560&#215;560&#8243; css=&#8220;&#8220;][\/vc_column][\/vc_row]<\/p>\n<\/div>","protected":false},"excerpt":{"rendered":"<p>[vc_row equal_height=&#8220;yes&#8220; content_placement=&#8220;top&#8220; bg_type=&#8220;bg_color&#8220; bg_override=&#8220;ex-full&#8220; type=&#8220;vc_default&#8220; css=&#8220;.vc_custom_1492534949775{padding-top: 70px !important;padding-bottom: 40px !important;}&#8220; bg_color_value=&#8220;rgba(255,255,255,0.1)&#8220;][vc_column][\/vc_column][vc_column width=&#8220;2\/3&#8243; offset=&#8220;vc_col-lg-offset-0 vc_col-lg-6 vc_col-md-offset-0 vc_col-md-6 vc_col-sm-offset-2 vc_col-xs-12&#8243; css=&#8220;.vc_custom_1476220031159{padding-bottom: 15px !important;}&#8220;][vc_column_text css=&#8220;.vc_custom_1730793966792{padding-bottom: 20px !important;}&#8220;]Unser gemeinsamer \u00a0Widerstand gegen den Export von Kriegsmaterial nach Argentinien war an diesem Junitag 1981 vergebens. Das Erlebnis vor den Toren der Waffenschmiede in Simmering hat mich aber weiter best\u00e4rkt, Lehrer&hellip;<\/p>\n","protected":false},"author":57,"featured_media":0,"parent":0,"menu_order":75,"comment_status":"closed","ping_status":"closed","template":"","meta":{"footnotes":""},"class_list":["post-51919","page","type-page","status-publish","hentry","description-off"],"_links":{"self":[{"href":"https:\/\/www.dastheaterhotel.at\/event\/wp-json\/wp\/v2\/pages\/51919","targetHints":{"allow":["GET"]}}],"collection":[{"href":"https:\/\/www.dastheaterhotel.at\/event\/wp-json\/wp\/v2\/pages"}],"about":[{"href":"https:\/\/www.dastheaterhotel.at\/event\/wp-json\/wp\/v2\/types\/page"}],"author":[{"embeddable":true,"href":"https:\/\/www.dastheaterhotel.at\/event\/wp-json\/wp\/v2\/users\/57"}],"replies":[{"embeddable":true,"href":"https:\/\/www.dastheaterhotel.at\/event\/wp-json\/wp\/v2\/comments?post=51919"}],"version-history":[{"count":0,"href":"https:\/\/www.dastheaterhotel.at\/event\/wp-json\/wp\/v2\/pages\/51919\/revisions"}],"wp:attachment":[{"href":"https:\/\/www.dastheaterhotel.at\/event\/wp-json\/wp\/v2\/media?parent=51919"}],"curies":[{"name":"wp","href":"https:\/\/api.w.org\/{rel}","templated":true}]}}