{"id":53375,"date":"2018-02-15T11:01:52","date_gmt":"2018-02-15T11:01:52","guid":{"rendered":"https:\/\/www.dastheaterhotel.at\/?page_id=53375"},"modified":"2026-02-12T15:26:53","modified_gmt":"2026-02-12T14:26:53","slug":"team","status":"publish","type":"page","link":"https:\/\/www.dastheaterhotel.at\/event\/team\/","title":{"rendered":"MODUL"},"content":{"rendered":"<div class=\"wpb-content-wrapper\"><p>[vc_row type=&#8220;vc_default&#8220; margin_top=&#8220;0&#8243; margin_bottom=&#8220;0&#8243; css=&#8220;.vc_custom_1518689798687{padding-top: 40px !important;padding-bottom: 0px !important;}&#8220;][vc_column css=&#8220;.vc_custom_1475944529525{padding-top: 10px !important;padding-bottom: 40px !important;}&#8220;][vc_custom_heading text=&#8220;Unser MODUL&#8220; font_container=&#8220;tag:h2|font_size:70|text_align:center&#8220; css=&#8220;&#8220;][vc_empty_space height=&#8220;15px&#8220;][vc_cta h2=&#8220;Die Klassenchallenge&#8220; txt_align=&#8220;center&#8220; css=&#8220;&#8220;]<\/p>\n<p style=\"text-align: center\" data-start=\"91\" data-end=\"309\">Diese Aktion war Teil eines internen Wettbewerbs im Rahmen des Moduls und richtete sich an alle teilnehmenden Klassen. Ziel des Wettbewerbs war es, durch Engagement und Teamarbeit m\u00f6glichst viele Karten zu verkaufen.<\/p>\n<p style=\"text-align: center\" data-start=\"316\" data-end=\"472\">Die Klasse, die am Ende des Wettbewerbs die h\u00f6chste Anzahl an verkauften Karten erreicht, wird mit einem einzigartigen und besonderen Preis ausgezeichnet.<\/p>\n<p style=\"text-align: center\" data-start=\"479\" data-end=\"727\">Aktuell befinden wir uns in der Auswertungsphase: Die verkauften Karten werden derzeit sorgf\u00e4ltig gez\u00e4hlt und \u00fcberpr\u00fcft. Die Bekanntgabe der Gewinnerklasse erfolgt in K\u00fcrze.<\/p>\n<p>[\/vc_cta][vc_cta h2=&#8220;Interview bei Radio Radieschen&#8220; txt_align=&#8220;center&#8220; css=&#8220;&#8220;]<\/p>\n<p style=\"font-weight: 400;\">Am 11.2. wurde bei <em>Radio Radieschen, <\/em>dem Ausbildungssender der FHW der Wirtschaftskammer Wien<em>,<\/em> ein Interview ausgestrahlt. Aufgrund der positiven Resonanz wird die Sendung am 17.2. erneut ausgestrahlt \u2013 jeweils um 11 Uhr sowie um 14 Uhr.<\/p>\n<p style=\"font-weight: 400;\">An dem Interview wirkten Frau Prof. Andrea Grundstein und Frau Prof. Sandra Paulhart-Hebenstreit als Lehrkr\u00e4fte mit. Unterst\u00fctzt wurden sie von den Sch\u00fcler:innen Cornelia Karl und Florian Aurelio Neumayer, die die Events moderieren werden.<\/p>\n<p style=\"font-weight: 400;\">Der Beitrag bot spannende Einblicke \u00fcber die Vorbereitungen des Theaterhotels und verdeutlichte die gelungene Zusammenarbeit zwischen Lehrkr\u00e4ften und Sch\u00fcler:innen.<\/p>\n<p>[\/vc_cta][vc_single_image image=&#8220;174929&#8243; img_size=&#8220;500&#215;300&#8243; alignment=&#8220;center&#8220; onclick=&#8220;zoom&#8220; css=&#8220;&#8220; image_hovers=&#8220;false&#8220;][vc_empty_space height=&#8220;15px&#8220;][vc_empty_space][vc_single_image image=&#8220;174724&#8243; img_size=&#8220;600&#215;600&#8243; alignment=&#8220;center&#8220; css=&#8220;&#8220;][vc_column_text css=&#8220;&#8220;]<\/p>\n<p style=\"text-align: center\"><strong>HR MMag. Werner Schnabl,<\/strong><\/p>\n<p style=\"text-align: center\">Schulleiter der Tourismusschule MODUL der Wirtschaftskammer Wien<\/p>\n<p>[\/vc_column_text][vc_empty_space][vc_column_text css=&#8220;&#8220;]<\/p>\n<p style=\"text-align: center\"><em><strong>Herzlich willkommen beim Theaterhotel 2026!<\/strong><\/em><\/p>\n<p class=\"x_MsoNormal\" style=\"text-align: center\"><span data-ogsc=\"rgb(31, 73, 125)\">\u00a0<\/span><\/p>\n<p class=\"x_MsoNormal\" style=\"text-align: center\"><span data-ogsc=\"rgb(31, 73, 125)\">Nach dem gro\u00dfartigen Erfolg des letzten Jahres freuen wir uns sehr, auch heuer wieder ein ganz besonderes Programm pr\u00e4sentieren zu d\u00fcrfen \u2013 mit gro\u00dfer Kunst, lebendigem Engagement und echtem Herzblut.<\/span><\/p>\n<p class=\"x_MsoNormal\" style=\"text-align: center\"><span data-ogsc=\"rgb(31, 73, 125)\">\u00a0<\/span><\/p>\n<p class=\"x_MsoNormal\" style=\"text-align: center\"><span data-ogsc=\"rgb(31, 73, 125)\"><span dir=\"ltr\">Am 20. Februar 2026<\/span> d\u00fcrfen wir Cornelius Obonya und Christoph Pauli auf der B\u00fchne des Theaterhotels begr\u00fc\u00dfen \u2013 zwei herausragende K\u00fcnstler, die mit ihrer Darbietung das Publikum bewegen und begeistern werden. <span dir=\"ltr\">Am 21. Februar 2026<\/span> folgt mit A Tribute to John Lennon ein musikalisches Highlight, das dem Schaffen einer der pr\u00e4gendsten Pers\u00f6nlichkeiten der Musikgeschichte gewidmet ist.<\/span><\/p>\n<p class=\"x_MsoNormal\" style=\"text-align: center\"><span data-ogsc=\"rgb(31, 73, 125)\">\u00a0<\/span><\/p>\n<p class=\"x_MsoNormal\" style=\"text-align: center\"><span data-ogsc=\"rgb(31, 73, 125)\">Die Tourismusschulen Modul veranstalten mit gro\u00dfer Freude und Verantwortung diese traditionsreiche und gr\u00f6\u00dfte Schul-Charity \u00d6sterreichs. Im Rahmen eines au\u00dfergew\u00f6hnlichen Schulprojekts gestalten unsere Sch\u00fclerinnen und Sch\u00fcler eigenst\u00e4ndig das Theaterhotel mit viel Einsatz und Begeisterung \u2013 von der Konzeption \u00fcber die Organisation bis hin zur Umsetzung. Dabei erwerben sie nicht nur fachliche Kompetenzen, sondern wachsen durch die Auseinandersetzung mit anderen Lebenswelten, \u00fcbernehmen Verantwortung und erfahren, wie wertvoll Teamarbeit und soziales Engagement sind.<\/span><\/p>\n<p class=\"x_MsoNormal\" style=\"text-align: center\"><span data-ogsc=\"rgb(31, 73, 125)\">\u00a0<\/span><\/p>\n<p class=\"x_MsoNormal\" style=\"text-align: center\"><span data-ogsc=\"rgb(31, 73, 125)\">Neben den zahlreichen engagierten Sch\u00fclerinnen und Sch\u00fclern gilt der Dank selbstverst\u00e4ndlich dem Leitungsteam Theaterhotel der Tourismusschulen Modul: Andrea Grundstein, Sandra Paulhart Hebenstreit und Didier Elsenosy. Ebenso danken wir den Gr\u00fcndern des Theaterhotels Helmut Kuchernig und Otto Tausig, dem Team des Austria Trend Hotels Savoyen unter der Leitung von Direktor Martin Pfeifer, dem \u00f6sterreichischen Verkehrsb\u00fcro sowie allen langj\u00e4hrigen Partnern und Sponsoren f\u00fcr die gro\u00dfz\u00fcgige und tolle Zusammenarbeit. Mit ihrer Expertise, Leidenschaft und Unterst\u00fctzung erm\u00f6glichen sie das Theaterhotel als einen ganz besonderen Ort der Begegnung.<\/span><\/p>\n<p class=\"x_MsoNormal\" style=\"text-align: center\"><span data-ogsc=\"rgb(31, 73, 125)\">\u00a0<\/span><\/p>\n<p class=\"x_MsoNormal\" style=\"text-align: center\"><span data-ogsc=\"rgb(31, 73, 125)\">Selbstverst\u00e4ndlich m\u00f6chte ich mich schon jetzt bei Ihnen, gesch\u00e4tzte G\u00e4ste, f\u00fcr Ihren Besuch und insbesondere f\u00fcr Ihre Spenden bedanken! <\/span><\/p>\n<p class=\"x_MsoNormal\" style=\"text-align: center\"><span data-ogsc=\"rgb(31, 73, 125)\">\u00a0<\/span><\/p>\n<p class=\"x_MsoNormal\" style=\"text-align: center\"><span data-ogsc=\"rgb(31, 73, 125)\">Wir freuen uns auf Ihren Besuch im Theaterhotel 2026!<\/span><\/p>\n<p>[\/vc_column_text]<div class=\"ult-spacer spacer-69ea2bc76d7e5\" data-id=\"69ea2bc76d7e5\" data-height=\"10\" data-height-mobile=\"10\" data-height-tab=\"10\" data-height-tab-portrait=\"\" data-height-mobile-landscape=\"\" style=\"clear:both;display:block;\"><\/div>[vc_cta h2=&#8220;Das Leitungsteam&#8220; h4=&#8220;f\u00fcr das Theaterhotel reloaded by MODUL&#8220; txt_align=&#8220;center&#8220; css=&#8220;&#8220;][\/vc_cta][vc_single_image image=&#8220;174647&#8243; img_size=&#8220;large&#8220; alignment=&#8220;center&#8220; onclick=&#8220;zoom&#8220; css=&#8220;&#8220;][vc_column_text css=&#8220;&#8220;]<\/p>\n<p style=\"text-align: center\">Teilhabende Klassen: 4HLB, 5HLA und das 3K<\/p>\n<p>[\/vc_column_text][vc_column_text css=&#8220;&#8220;]<\/p>\n<p style=\"text-align: center\">In unserem Theaterhotel arbeiten viele junge Menschen hinter den Kulissen zusammen, damit sich alle G\u00e4ste wie Stars auf der B\u00fchne f\u00fchlen.<br data-start=\"368\" data-end=\"371\" \/>Hier sehen Sie unsere wichtigsten Teams und ihre Aufgaben.<\/p>\n<p>[\/vc_column_text][vc_row_inner][vc_column_inner][vc_cta h2=&#8220;Unser Organisationsteam&#8220; txt_align=&#8220;center&#8220; css=&#8220;&#8220;][\/vc_cta][vc_column_text css=&#8220;&#8220;]<\/p>\n<div style=\"text-align: center\" data-olk-copy-source=\"MessageBody\">Das Organisationsteam aus der 5A ist f\u00fcr den reibungslosen Ablauf der Theaterhotel-Events verantwortlich. Organisationstalente, kreative Geister und schlaue K\u00f6pfe sind in dieser kleinen aber feinen Gruppe vereint.<\/div>\n<div style=\"text-align: center\">Mit viel Engagement k\u00fcmmert sich das Team um die Regie, das Guestservice, die Akkreditieren und die Garderobe, betreut die K\u00fcnstler*innen und verwaltet die Finanzen gemeinsam mit dem Verein f\u00fcr gegenseitige Hilfe.<\/div>\n<div style=\"text-align: center\">Im Organisationsteam sind alle in mehreren Bereichen eingesetzt und gemeinsam wird daran gearbeitet, dass das Event das Pr\u00e4dikat \u00d6koevent tragen darf. Nat\u00fcrlich gibt es Schnittstellen zu F&amp;B und Marketing f\u00fcr eine optimale Abstimmung. Die gute Stimmung im Team ist ansteckend und alle sind mit viel Freud und vollem Einsatz engagiert.<\/div>\n<div style=\"text-align: center\"><\/div>\n<div style=\"text-align: center\">Heuer neu vom Organisationsteam organisiert wird ein Webshop, bei dem Vorbestellungen f\u00fcr die Konzertpause am Samstag aufgeben und gleich bezahlt werden k\u00f6nnen. Ebenso k\u00fcmmern sich \u00a0das Team darum, dass heuer auch Kartenzahlungen vor Ort m\u00f6glich sein werden.<\/div>\n<div style=\"text-align: center\"><\/div>\n<div style=\"text-align: center\"><\/div>\n<div style=\"text-align: center\">Conny und Aurelio werden an beiden Tagen die Moderation \u00fcbernehmen und arbeiten schon jetzt am Drehbuch.<\/div>\n<div style=\"text-align: center\"><\/div>\n<div style=\"text-align: center\">Wir freuen uns sehr, Sie am 20. und 21. Februar 2026 pers\u00f6nlich begr\u00fc\u00dfen d\u00fcrfen.<\/div>\n<p>[\/vc_column_text][vc_single_image image=&#8220;174622&#8243; img_size=&#8220;500&#215;300&#8243; alignment=&#8220;center&#8220; onclick=&#8220;zoom&#8220; css=&#8220;&#8220; el_class=&#8220;1. Reihe vlnr: Linda, Annika, Conny, Greta, Emilia 2. Reihe vlnr: Lara, Olivia, Phoebe, Aurelio&#8220;][vc_column_text css=&#8220;&#8220;]<\/p>\n<div style=\"text-align: center\" data-olk-copy-source=\"MessageBody\">1. Reihe vlnr: Linda, Annika, Conny, Greta, Emilia<\/div>\n<div style=\"text-align: center\">2. Reihe vlnr: Lara, Olivia, Phoebe, Aurelio<\/div>\n<p>[\/vc_column_text][\/vc_column_inner][\/vc_row_inner][vc_cta h2=&#8220;Unser \u00d6ko-Event Team&#8220; txt_align=&#8220;center&#8220; css=&#8220;&#8220;][\/vc_cta][vc_column_text css=&#8220;&#8220;]<\/p>\n<p style=\"text-align: center\">Regionen, die nicht wie \u00d6sterreich in der gem\u00e4\u00dfigten Klima-zone liegen, leiden unter dem Klimawandel umso mehr. Indem wir die Veranstaltung als \u00d6koEvent zertifizieren, leistet das Theaterhotel zus\u00e4tzlich zu den Spenden auch einen Bei-trag, um gegen die extreme Erderw\u00e4rmung anzuk\u00e4mpfen, von der der indische Bundesstaat Andhra Pradesh stark betroffen ist.<\/p>\n<p>[\/vc_column_text][vc_single_image image=&#8220;174646&#8243; img_size=&#8220;500&#215;300&#8243; alignment=&#8220;center&#8220; onclick=&#8220;zoom&#8220; css=&#8220;&#8220;][vc_column_text css=&#8220;&#8220;]<\/p>\n<p style=\"text-align: center\">von links nach rechts: Aurelio, Olivia, Greta, Annika<\/p>\n<p>[\/vc_column_text][vc_cta h2=&#8220;Unser F&amp;B Team&#8220; txt_align=&#8220;center&#8220; css=&#8220;&#8220;][\/vc_cta][vc_column_text css=&#8220;&#8220;]<\/p>\n<p style=\"text-align: center\" data-start=\"92\" data-end=\"324\">Ein gro\u00dfes Team braucht es, wenn es um das leibliche Wohl unserer G\u00e4ste geht.<br data-start=\"170\" data-end=\"173\" \/>Lieferanten m\u00fcssen organisiert und betreut, Anlieferungen koordiniert und Servicepl\u00e4ne erstellt werden. Und nat\u00fcrlich soll alles auch sch\u00f6n aussehen.<\/p>\n<p style=\"text-align: center\" data-start=\"326\" data-end=\"463\">Das Kreativteam hat ein Auge f\u00fcrs Detail, w\u00e4hrend die pragmatische Crew im Hintergrund den \u00dcberblick \u00fcber Sponsoren und Abl\u00e4ufe beh\u00e4lt.<\/p>\n<p style=\"text-align: center\" data-start=\"465\" data-end=\"559\">So kann jeder seine St\u00e4rken einbringen \u2013 und wie sch\u00f6n, dass sich dieses Team gefunden hat.<\/p>\n<p>[\/vc_column_text][vc_single_image image=&#8220;174653&#8243; img_size=&#8220;500&#215;300&#8243; alignment=&#8220;center&#8220; onclick=&#8220;zoom&#8220; css=&#8220;&#8220;][vc_column_text css=&#8220;&#8220;]<\/p>\n<p style=\"text-align: center\">von links nach rechts: Mara, Isabelle, Britta, Johanna, No\u00e9, Johannes und Paul<\/p>\n<p>[\/vc_column_text][\/vc_column][\/vc_row][vc_row][vc_column][vc_cta h2=&#8220;Unser Programmheft Team&#8220; txt_align=&#8220;center&#8220; css=&#8220;&#8220;][\/vc_cta][vc_column_text css=&#8220;&#8220;]<\/p>\n<p style=\"text-align: center\"><em><strong>&#8222;Blatt f\u00fcr Blatt \u2013 ein Blick hinter den Vorhang&#8220;<\/strong><\/em><\/p>\n<p style=\"text-align: center\"><span data-ccp-props=\"{}\"> Unser Programmheft-Team ist das kreative Bindeglied zwischen B\u00fchne und Publikum.<br data-start=\"635\" data-end=\"638\" \/>Wir sammeln Geschichten, Figuren und Termine und machen daraus ein Heft, das neugierig macht.<br data-start=\"733\" data-end=\"736\" \/>Wie ein kleiner Reisef\u00fchrer f\u00fchrt es die G\u00e4ste durch alle Highlights des Abends.<\/span><\/p>\n<p>[\/vc_column_text][vc_single_image image=&#8220;174633&#8243; img_size=&#8220;500&#215;300&#8243; alignment=&#8220;center&#8220; onclick=&#8220;zoom&#8220; css=&#8220;&#8220;][vc_column_text css=&#8220;&#8220;]<\/p>\n<p style=\"text-align: center\">von links nach rechts: Ella, Teresa, Lilian, Valentine, Dalia<\/p>\n<p>[\/vc_column_text][\/vc_column][\/vc_row][vc_row][vc_column][vc_cta h2=&#8220;Unser Social Media Team&#8220; txt_align=&#8220;center&#8220; css=&#8220;&#8220;][\/vc_cta][vc_column_text css=&#8220;&#8220;]<\/p>\n<p style=\"text-align: center\"><em><strong>&#8222;<span class=\"TextRun SCXW28116079 BCX4\" lang=\"DE-AT\" xml:lang=\"DE-AT\" data-contrast=\"auto\"><span class=\"NormalTextRun SCXW28116079 BCX4\">Gemeinsam stark \u201eonline und offline\u201c<\/span><\/span><span class=\"EOP SCXW28116079 BCX4\" data-ccp-props=\"{}\">\u00a0<\/span><\/strong><\/em><\/p>\n<p style=\"text-align: center\">Das Social-Media-Team ist das \u201eBackstage-Fenster\u201c nach au\u00dfen.<br data-start=\"922\" data-end=\"925\" \/>Wir fangen besondere Momente ein, erz\u00e4hlen Geschichten aus dem Theaterhotel-Alltag und lassen unsere Community live miterleben, was hinter den Kulissen passiert.<br data-start=\"1086\" data-end=\"1089\" \/>Jeder Post ist ein neuer Mini-Auftritt \u00a0kreativ und immer ein bisschen magisch.<\/p>\n<p>[\/vc_column_text][vc_single_image image=&#8220;174649&#8243; img_size=&#8220;500&#215;300&#8243; alignment=&#8220;center&#8220; onclick=&#8220;zoom&#8220; css=&#8220;&#8220;][vc_column_text css=&#8220;&#8220;]<\/p>\n<p style=\"text-align: center\">von links nach rechts: Max, Jakob, Mona, Josefine und vorne unten Una<\/p>\n<p>[\/vc_column_text][\/vc_column][\/vc_row][vc_row][vc_column][vc_cta h2=&#8220;Unser Innenmarketing Team&#8220; txt_align=&#8220;center&#8220; css=&#8220;&#8220;][\/vc_cta][\/vc_column][\/vc_row][vc_row][vc_column][vc_column_text css=&#8220;&#8220;]<\/p>\n<p style=\"text-align: center\"><em><strong>&#8222;<span class=\"TextRun SCXW237998197 BCX4\" lang=\"DE-AT\" xml:lang=\"DE-AT\" data-contrast=\"auto\"><span class=\"NormalTextRun SCXW237998197 BCX4\" data-ccp-charstyle=\"normaltextrun\" data-ccp-charstyle-defn=\"{&quot;ObjectId&quot;:&quot;ac0262f4-8a9e-5820-b908-2d943c5f7113|1&quot;,&quot;ClassId&quot;:1073872969,&quot;Properties&quot;:[201342446,&quot;1&quot;,201342447,&quot;5&quot;,201342448,&quot;1&quot;,201342449,&quot;1&quot;,469777841,&quot;Aptos&quot;,469777842,&quot;Arial&quot;,469777843,&quot;Aptos&quot;,469777844,&quot;Aptos&quot;,201341986,&quot;1&quot;,469769226,&quot;Aptos,Arial&quot;,268442635,&quot;24&quot;,469775450,&quot;normaltextrun&quot;,201340122,&quot;1&quot;,134233614,&quot;true&quot;,469778129,&quot;normaltextrun&quot;,335572020,&quot;1&quot;,469778324,&quot;Default Paragraph Font&quot;]}\">Von innen Gutes tun&#8220;<\/span><\/span><\/strong><\/em><\/p>\n<p style=\"text-align: center\">Unser Innenmarketing-Team sorgt daf\u00fcr, dass hinter den Kulissen alles rund l\u00e4uft.<br data-start=\"1298\" data-end=\"1301\" \/>Wir gestalten Infos, Plakate und kleine Reminder, die Teams verbinden und Orientierung geben.<br data-start=\"1394\" data-end=\"1397\" \/>Mit kreativen Ideen und klaren Botschaften bringen wir Ordnung, Motivation und ein bisschen Glanz in den internen Alltag.<\/p>\n<p>[\/vc_column_text][vc_single_image image=&#8220;174648&#8243; img_size=&#8220;400&#215;400&#8243; alignment=&#8220;center&#8220; onclick=&#8220;zoom&#8220; css=&#8220;&#8220;][vc_column_text css=&#8220;&#8220;]<\/p>\n<p style=\"text-align: center\">oben links ist Laurin, darunter Deniz, vorne in der Mitte ist Lukas, rechts davon Felix und oben rechts Vincent<\/p>\n<p>[\/vc_column_text][\/vc_column][\/vc_row][vc_row][vc_column][vc_cta h2=&#8220;Unser Journalisten Team&#8220; txt_align=&#8220;center&#8220; css=&#8220;&#8220;][\/vc_cta][vc_column_text css=&#8220;&#8220;]<\/p>\n<p style=\"text-align: center\"><em><strong><span class=\"TextRun SCXW178498341 BCX4\" lang=\"DE-AT\" xml:lang=\"DE-AT\" data-contrast=\"auto\"><span class=\"NormalTextRun SCXW178498341 BCX4\">\u201eWorte, die B\u00fchne werden \u2013 Geschichten, die bleiben.\u201c<\/span><\/span><span class=\"EOP SCXW178498341 BCX4\" data-ccp-props=\"{}\">\u00a0<\/span><\/strong><\/em><\/p>\n<p style=\"text-align: center\">Unser Journalisten<em data-start=\"207\" data-end=\"551\">-Team verleiht dem Theaterhotel eine Stimme.<br data-start=\"257\" data-end=\"260\" \/>Mit scharfem Blick, klugen Fragen und viel Liebe zum Detail sammeln sie Geschichten und bringen die Ereignisse des Theaterhotels auf den Punkt.<br data-start=\"422\" data-end=\"425\" \/>Ob Homepage, Programmheft oder Social Media viele unserer Texte beginnen mit ihrem Stift.<br data-start=\"516\" data-end=\"519\" \/>Sie sind die unsichtbaren Autor<\/em>innen hinter den Kulissen, die aus Ideen Worte und aus Momenten Geschichten machen.<\/p>\n<p>[\/vc_column_text][vc_single_image image=&#8220;174643&#8243; img_size=&#8220;500&#215;300&#8243; alignment=&#8220;center&#8220; onclick=&#8220;zoom&#8220; css=&#8220;&#8220;][vc_column_text css=&#8220;&#8220;]<\/p>\n<p style=\"text-align: center\">von links nach rechts: Matthias, Nuno und Johann au\u00dferdem noch Matei und Raphael welche an diesem Tag nicht anwesend waren<\/p>\n<p>[\/vc_column_text][\/vc_column][\/vc_row][vc_row][vc_column][vc_cta h2=&#8220;Unser Homepage Team&#8220; txt_align=&#8220;center&#8220; css=&#8220;&#8220;][\/vc_cta][\/vc_column][\/vc_row][vc_row][vc_column][vc_column_text css=&#8220;&#8220;]<\/p>\n<p style=\"text-align: center\"><em><strong>\u201eVorhang auf f\u00fcr die digitale B\u00fchne des Theaterhotels.\u201c<\/strong><\/em><\/p>\n<p style=\"text-align: center\">Das Homepage-Team bringt das Theaterhotel ins Rampenlicht digital und in Farbe.<br data-start=\"287\" data-end=\"290\" \/>Wir verwandeln Informationen in Erlebnisse: klare Seiten, starke Bilder, spannende Einblicke.<br data-start=\"383\" data-end=\"386\" \/>Jede Aktualisierung ist wie ein kleiner Vorhang, der sich \u00f6ffnet und unseren Besucher*innen die Welt des Theaterhotels zeigt.<\/p>\n<p>[\/vc_column_text][vc_single_image image=&#8220;174645&#8243; img_size=&#8220;500&#215;300&#8243; alignment=&#8220;center&#8220; onclick=&#8220;zoom&#8220; css=&#8220;&#8220;][vc_column_text css=&#8220;&#8220;]<\/p>\n<p style=\"text-align: center\">von links nach rechts: Lia, Paula, Sophie, Chiara, Emma, Mia<\/p>\n<p>[\/vc_column_text][\/vc_column][\/vc_row][vc_row][vc_column][vc_single_image image=&#8220;174645&#8243; img_size=&#8220;Medium&#8220; alignment=&#8220;center&#8220; onclick=&#8220;zoom&#8220; css=&#8220;&#8220;][vc_single_image image=&#8220;174645&#8243; img_size=&#8220;Medium&#8220; css=&#8220;&#8220;][\/vc_column][\/vc_row]<\/p>\n<\/div>","protected":false},"excerpt":{"rendered":"<p>[vc_row type=&#8220;vc_default&#8220; margin_top=&#8220;0&#8243; margin_bottom=&#8220;0&#8243; css=&#8220;.vc_custom_1518689798687{padding-top: 40px !important;padding-bottom: 0px !important;}&#8220;][vc_column css=&#8220;.vc_custom_1475944529525{padding-top: 10px !important;padding-bottom: 40px !important;}&#8220;][vc_custom_heading text=&#8220;Unser MODUL&#8220; font_container=&#8220;tag:h2|font_size:70|text_align:center&#8220; css=&#8220;&#8220;][vc_empty_space height=&#8220;15px&#8220;][vc_cta h2=&#8220;Die Klassenchallenge&#8220; txt_align=&#8220;center&#8220; css=&#8220;&#8220;] Diese Aktion war Teil eines internen Wettbewerbs im Rahmen des Moduls und richtete sich an alle teilnehmenden Klassen. Ziel des Wettbewerbs war es, durch Engagement und Teamarbeit m\u00f6glichst viele Karten zu verkaufen.&hellip;<\/p>\n","protected":false},"author":57,"featured_media":0,"parent":0,"menu_order":7,"comment_status":"closed","ping_status":"closed","template":"","meta":{"footnotes":""},"class_list":["post-53375","page","type-page","status-publish","hentry","description-off"],"_links":{"self":[{"href":"https:\/\/www.dastheaterhotel.at\/event\/wp-json\/wp\/v2\/pages\/53375","targetHints":{"allow":["GET"]}}],"collection":[{"href":"https:\/\/www.dastheaterhotel.at\/event\/wp-json\/wp\/v2\/pages"}],"about":[{"href":"https:\/\/www.dastheaterhotel.at\/event\/wp-json\/wp\/v2\/types\/page"}],"author":[{"embeddable":true,"href":"https:\/\/www.dastheaterhotel.at\/event\/wp-json\/wp\/v2\/users\/57"}],"replies":[{"embeddable":true,"href":"https:\/\/www.dastheaterhotel.at\/event\/wp-json\/wp\/v2\/comments?post=53375"}],"version-history":[{"count":45,"href":"https:\/\/www.dastheaterhotel.at\/event\/wp-json\/wp\/v2\/pages\/53375\/revisions"}],"predecessor-version":[{"id":174935,"href":"https:\/\/www.dastheaterhotel.at\/event\/wp-json\/wp\/v2\/pages\/53375\/revisions\/174935"}],"wp:attachment":[{"href":"https:\/\/www.dastheaterhotel.at\/event\/wp-json\/wp\/v2\/media?parent=53375"}],"curies":[{"name":"wp","href":"https:\/\/api.w.org\/{rel}","templated":true}]}}